{"id":9368,"date":"2025-05-06T16:05:04","date_gmt":"2025-05-06T14:05:04","guid":{"rendered":"https:\/\/www.cl-ever.com\/servicios\/"},"modified":"2025-05-06T16:05:05","modified_gmt":"2025-05-06T14:05:05","slug":"servicios","status":"publish","type":"page","link":"https:\/\/www.cl-ever.com\/es\/servicios\/","title":{"rendered":"Servicios"},"content":{"rendered":"<div class=\"wpb-content-wrapper\"><p>[vc_row full_width=\u00bbstretch_row_content_no_spaces\u00bb][vc_column][vc_column_text]<img loading=\"lazy\" decoding=\"async\" class=\"alignnone wp-image-2049 size-full\" src=\"https:\/\/www.cl-ever.com\/wp-content\/uploads\/2016\/07\/CLEVER-TESTATA-SERVIZI-.jpg\" alt=\"CLEVER TESTATA SERVIZI\" width=\"1920\" height=\"450\" srcset=\"https:\/\/www.cl-ever.com\/wp-content\/uploads\/2016\/07\/CLEVER-TESTATA-SERVIZI-.jpg 1920w, https:\/\/www.cl-ever.com\/wp-content\/uploads\/2016\/07\/CLEVER-TESTATA-SERVIZI--300x70.jpg 300w, https:\/\/www.cl-ever.com\/wp-content\/uploads\/2016\/07\/CLEVER-TESTATA-SERVIZI--768x180.jpg 768w, https:\/\/www.cl-ever.com\/wp-content\/uploads\/2016\/07\/CLEVER-TESTATA-SERVIZI--1024x240.jpg 1024w\" sizes=\"auto, (max-width: 1920px) 100vw, 1920px\" \/>[\/vc_column_text][\/vc_column][\/vc_row][vc_row css=\u00bb.vc_custom_1469100868873{margin-bottom: 60px !important;padding-top: 30px !important;padding-bottom: 0px !important;}\u00bb][vc_column width=\u00bb1\/3&#8243;][vc_column_text]<\/p>\n<h2 style=\"text-align: left;\">SOPORTE T\u00c9CNICO PRE\/POST VENTA<\/h2>\n<p style=\"text-align: left;\">Somos especialistas en el dise\u00f1o de soluciones electr\u00f3nicas de vanguardia: Clever es el punto de referencia para afrontar el desaf\u00edo de la innovaci\u00f3n.<\/p>\n<p style=\"text-align: left;\">La estrecha colaboraci\u00f3n con nuestros proveedores permite que nuestros clientes est\u00e9n acompa\u00f1ados de forma continua desde el inicio hasta el final del proceso de dise\u00f1o; desde la creaci\u00f3n de prototipos hasta la producci\u00f3n en serie.<\/p>\n<h2 style=\"text-align: left;\">ETIQUETADO Y EMBALAJE<\/h2>\n<p style=\"text-align: left;\">Podemos gestionar solicitudes de etiquetado y embalaje no est\u00e1ndar.<\/p>\n<p>[\/vc_column_text][\/vc_column][vc_column width=\u00bb1\/3&#8243;][vc_column_text]<\/p>\n<h2 style=\"text-align: left;\">GESTI\u00d3N DE MATERIALES<\/h2>\n<p style=\"text-align: left;\">Apoyamos las previsiones de consumo de nuestros clientes y somos capaces de amortiguar eventuales picos de producci\u00f3n. Si los productos adquiridos han sido descontinuados o han sufrido cambios en sus especificaciones, informaremos al cliente con antelaci\u00f3n y propondremos posibles soluciones.<\/p>\n<h2 style=\"text-align: left;\">ENV\u00cdOS<\/h2>\n<p style=\"text-align: left;\">Consolidamos los env\u00edos y reducimos al m\u00ednimo los costes de transporte. Para casos urgentes, el material disponible en stock se despacha dentro de medio d\u00eda laborable tras la recepci\u00f3n del pedido.<\/p>\n<p>[\/vc_column_text][\/vc_column][vc_column width=\u00bb1\/3&#8243;][vc_single_image image=\u00bb6400&#8243; img_size=\u00bbfull\u00bb alignment=\u00bbright\u00bb css_animation=\u00bbright-to-left\u00bb][\/vc_column][\/vc_row]<\/p>\n<\/div>","protected":false},"excerpt":{"rendered":"<p>[vc_row full_width=\u00bbstretch_row_content_no_spaces\u00bb][vc_column][vc_column_text][\/vc_column_text][\/vc_column][\/vc_row][vc_row css=\u00bb.vc_custom_1469100868873{margin-bottom: 60px !important;padding-top: 30px !important;padding-bottom: 0px !important;}\u00bb][vc_column width=\u00bb1\/3&#8243;][vc_column_text] SOPORTE T\u00c9CNICO PRE\/POST VENTA Somos especialistas en el dise\u00f1o de soluciones&#8230;<\/p>\n","protected":false},"author":7,"featured_media":0,"parent":0,"menu_order":0,"comment_status":"closed","ping_status":"closed","template":"","meta":{"_monsterinsights_skip_tracking":false,"_monsterinsights_sitenote_active":false,"_monsterinsights_sitenote_note":"","_monsterinsights_sitenote_category":0,"footnotes":""},"class_list":["post-9368","page","type-page","status-publish","hentry"],"yoast_head":"<!-- This site is optimized with the Yoast SEO plugin v27.5 - https:\/\/yoast.com\/product\/yoast-seo-wordpress\/ -->\n<title>Servicios ofrecidos - Clever<\/title>\n<meta name=\"description\" content=\"Soporte t\u00e9cnico pre y postventa, etiquetado y embalaje, previsiones de consumo, consolidaci\u00f3n de env\u00edos.\" \/>\n<meta name=\"robots\" content=\"index, follow, max-snippet:-1, max-image-preview:large, max-video-preview:-1\" \/>\n<link rel=\"canonical\" href=\"https:\/\/www.cl-ever.com\/servizi\/\" \/>\n<meta property=\"og:locale\" content=\"es_ES\" \/>\n<meta property=\"og:type\" content=\"article\" \/>\n<meta property=\"og:title\" content=\"Servicios ofrecidos - Clever\" \/>\n<meta property=\"og:description\" content=\"Soporte t\u00e9cnico pre y postventa, etiquetado y embalaje, previsiones de consumo, consolidaci\u00f3n de env\u00edos.\" \/>\n<meta property=\"og:url\" content=\"https:\/\/www.cl-ever.com\/servizi\/\" \/>\n<meta property=\"og:site_name\" content=\"Clever\" \/>\n<meta property=\"article:modified_time\" content=\"2025-05-06T14:05:05+00:00\" \/>\n<meta property=\"og:image\" content=\"https:\/\/www.cl-ever.com\/wp-content\/uploads\/2016\/07\/CLEVER-TESTATA-SERVIZI-.jpg\" \/>\n\t<meta property=\"og:image:width\" content=\"1920\" \/>\n\t<meta property=\"og:image:height\" content=\"450\" \/>\n\t<meta property=\"og:image:type\" content=\"image\/jpeg\" \/>\n<meta name=\"twitter:card\" content=\"summary_large_image\" \/>\n<meta name=\"twitter:label1\" content=\"Tiempo de lectura\" \/>\n\t<meta name=\"twitter:data1\" content=\"1 minuto\" \/>\n<script type=\"application\/ld+json\" class=\"yoast-schema-graph\">{\"@context\":\"https:\\\/\\\/schema.org\",\"@graph\":[{\"@type\":\"WebPage\",\"@id\":\"https:\\\/\\\/www.cl-ever.com\\\/servizi\\\/\",\"url\":\"https:\\\/\\\/www.cl-ever.com\\\/servizi\\\/\",\"name\":\"Servicios ofrecidos - Clever\",\"isPartOf\":{\"@id\":\"https:\\\/\\\/www.cl-ever.com\\\/#website\"},\"primaryImageOfPage\":{\"@id\":\"https:\\\/\\\/www.cl-ever.com\\\/servizi\\\/#primaryimage\"},\"image\":{\"@id\":\"https:\\\/\\\/www.cl-ever.com\\\/servizi\\\/#primaryimage\"},\"thumbnailUrl\":\"https:\\\/\\\/www.cl-ever.com\\\/wp-content\\\/uploads\\\/2016\\\/07\\\/CLEVER-TESTATA-SERVIZI-.jpg\",\"datePublished\":\"2025-05-06T14:05:04+00:00\",\"dateModified\":\"2025-05-06T14:05:05+00:00\",\"description\":\"Soporte t\u00e9cnico pre y postventa, etiquetado y embalaje, previsiones de consumo, consolidaci\u00f3n de env\u00edos.\",\"breadcrumb\":{\"@id\":\"https:\\\/\\\/www.cl-ever.com\\\/servizi\\\/#breadcrumb\"},\"inLanguage\":\"es\",\"potentialAction\":[{\"@type\":\"ReadAction\",\"target\":[\"https:\\\/\\\/www.cl-ever.com\\\/servizi\\\/\"]}]},{\"@type\":\"ImageObject\",\"inLanguage\":\"es\",\"@id\":\"https:\\\/\\\/www.cl-ever.com\\\/servizi\\\/#primaryimage\",\"url\":\"https:\\\/\\\/www.cl-ever.com\\\/wp-content\\\/uploads\\\/2016\\\/07\\\/CLEVER-TESTATA-SERVIZI-.jpg\",\"contentUrl\":\"https:\\\/\\\/www.cl-ever.com\\\/wp-content\\\/uploads\\\/2016\\\/07\\\/CLEVER-TESTATA-SERVIZI-.jpg\"},{\"@type\":\"BreadcrumbList\",\"@id\":\"https:\\\/\\\/www.cl-ever.com\\\/servizi\\\/#breadcrumb\",\"itemListElement\":[{\"@type\":\"ListItem\",\"position\":1,\"name\":\"Home\",\"item\":\"https:\\\/\\\/www.cl-ever.com\\\/es\\\/\"},{\"@type\":\"ListItem\",\"position\":2,\"name\":\"Servicios\"}]},{\"@type\":\"WebSite\",\"@id\":\"https:\\\/\\\/www.cl-ever.com\\\/#website\",\"url\":\"https:\\\/\\\/www.cl-ever.com\\\/\",\"name\":\"Clever\",\"description\":\"Connection &amp; Lightind Ever\",\"potentialAction\":[{\"@type\":\"SearchAction\",\"target\":{\"@type\":\"EntryPoint\",\"urlTemplate\":\"https:\\\/\\\/www.cl-ever.com\\\/?s={search_term_string}\"},\"query-input\":{\"@type\":\"PropertyValueSpecification\",\"valueRequired\":true,\"valueName\":\"search_term_string\"}}],\"inLanguage\":\"es\"}]}<\/script>\n<!-- \/ Yoast SEO plugin. -->","yoast_head_json":{"title":"Servicios ofrecidos - Clever","description":"Soporte t\u00e9cnico pre y postventa, etiquetado y embalaje, previsiones de consumo, consolidaci\u00f3n de env\u00edos.","robots":{"index":"index","follow":"follow","max-snippet":"max-snippet:-1","max-image-preview":"max-image-preview:large","max-video-preview":"max-video-preview:-1"},"canonical":"https:\/\/www.cl-ever.com\/servizi\/","og_locale":"es_ES","og_type":"article","og_title":"Servicios ofrecidos - Clever","og_description":"Soporte t\u00e9cnico pre y postventa, etiquetado y embalaje, previsiones de consumo, consolidaci\u00f3n de env\u00edos.","og_url":"https:\/\/www.cl-ever.com\/servizi\/","og_site_name":"Clever","article_modified_time":"2025-05-06T14:05:05+00:00","og_image":[{"width":1920,"height":450,"url":"https:\/\/www.cl-ever.com\/wp-content\/uploads\/2016\/07\/CLEVER-TESTATA-SERVIZI-.jpg","type":"image\/jpeg"}],"twitter_card":"summary_large_image","twitter_misc":{"Tiempo de lectura":"1 minuto"},"schema":{"@context":"https:\/\/schema.org","@graph":[{"@type":"WebPage","@id":"https:\/\/www.cl-ever.com\/servizi\/","url":"https:\/\/www.cl-ever.com\/servizi\/","name":"Servicios ofrecidos - Clever","isPartOf":{"@id":"https:\/\/www.cl-ever.com\/#website"},"primaryImageOfPage":{"@id":"https:\/\/www.cl-ever.com\/servizi\/#primaryimage"},"image":{"@id":"https:\/\/www.cl-ever.com\/servizi\/#primaryimage"},"thumbnailUrl":"https:\/\/www.cl-ever.com\/wp-content\/uploads\/2016\/07\/CLEVER-TESTATA-SERVIZI-.jpg","datePublished":"2025-05-06T14:05:04+00:00","dateModified":"2025-05-06T14:05:05+00:00","description":"Soporte t\u00e9cnico pre y postventa, etiquetado y embalaje, previsiones de consumo, consolidaci\u00f3n de env\u00edos.","breadcrumb":{"@id":"https:\/\/www.cl-ever.com\/servizi\/#breadcrumb"},"inLanguage":"es","potentialAction":[{"@type":"ReadAction","target":["https:\/\/www.cl-ever.com\/servizi\/"]}]},{"@type":"ImageObject","inLanguage":"es","@id":"https:\/\/www.cl-ever.com\/servizi\/#primaryimage","url":"https:\/\/www.cl-ever.com\/wp-content\/uploads\/2016\/07\/CLEVER-TESTATA-SERVIZI-.jpg","contentUrl":"https:\/\/www.cl-ever.com\/wp-content\/uploads\/2016\/07\/CLEVER-TESTATA-SERVIZI-.jpg"},{"@type":"BreadcrumbList","@id":"https:\/\/www.cl-ever.com\/servizi\/#breadcrumb","itemListElement":[{"@type":"ListItem","position":1,"name":"Home","item":"https:\/\/www.cl-ever.com\/es\/"},{"@type":"ListItem","position":2,"name":"Servicios"}]},{"@type":"WebSite","@id":"https:\/\/www.cl-ever.com\/#website","url":"https:\/\/www.cl-ever.com\/","name":"Clever","description":"Connection &amp; Lightind Ever","potentialAction":[{"@type":"SearchAction","target":{"@type":"EntryPoint","urlTemplate":"https:\/\/www.cl-ever.com\/?s={search_term_string}"},"query-input":{"@type":"PropertyValueSpecification","valueRequired":true,"valueName":"search_term_string"}}],"inLanguage":"es"}]}},"_links":{"self":[{"href":"https:\/\/www.cl-ever.com\/es\/wp-json\/wp\/v2\/pages\/9368","targetHints":{"allow":["GET"]}}],"collection":[{"href":"https:\/\/www.cl-ever.com\/es\/wp-json\/wp\/v2\/pages"}],"about":[{"href":"https:\/\/www.cl-ever.com\/es\/wp-json\/wp\/v2\/types\/page"}],"author":[{"embeddable":true,"href":"https:\/\/www.cl-ever.com\/es\/wp-json\/wp\/v2\/users\/7"}],"replies":[{"embeddable":true,"href":"https:\/\/www.cl-ever.com\/es\/wp-json\/wp\/v2\/comments?post=9368"}],"version-history":[{"count":3,"href":"https:\/\/www.cl-ever.com\/es\/wp-json\/wp\/v2\/pages\/9368\/revisions"}],"predecessor-version":[{"id":9371,"href":"https:\/\/www.cl-ever.com\/es\/wp-json\/wp\/v2\/pages\/9368\/revisions\/9371"}],"wp:attachment":[{"href":"https:\/\/www.cl-ever.com\/es\/wp-json\/wp\/v2\/media?parent=9368"}],"curies":[{"name":"wp","href":"https:\/\/api.w.org\/{rel}","templated":true}]}}