{"id":9336,"date":"2025-05-06T14:57:53","date_gmt":"2025-05-06T12:57:53","guid":{"rendered":"https:\/\/www.cl-ever.com\/placas-adhesivas-de-identificacion\/"},"modified":"2025-05-06T15:12:37","modified_gmt":"2025-05-06T13:12:37","slug":"placas-adhesivas-de-identificacion","status":"publish","type":"page","link":"https:\/\/www.cl-ever.com\/es\/productos\/sistemas-de-identificacion\/placas-adhesivas-de-identificacion\/","title":{"rendered":"Placas Adhesivas de Identificaci\u00f3n"},"content":{"rendered":"<div class=\"wpb-content-wrapper\"><p>[vc_row full_width=\u00bbstretch_row\u00bb][vc_column]\n\t\t<section class=\"do-normal-page-title-section\">\n\t\t    <div class=\"container\">\n\t\t        <div class=\"row uppercase\">\n\t\t\n\t\t            <div class=\"do-page-title-wrapper\">\n\t\t            \t<div class=\"do-default-page-title col-md-7 col-sm-7 col-xs-12\">\n\t\t            \t\t<h2>Placas adhesivas de identificaci\u00f3n<\/h2>\n\t\t            \t\t<p>Impresoras y etiquetas<\/p>\n\t\t            \t<\/div>\n\t\t\n\t\t            \t<div class=\"do-breadcumb\"><ul><li><a href=\"https:\/\/www.cl-ever.com\/es\/\" class=\"home-link\" rel=\"home\">Home<\/a><\/li><li><a href=\"https:\/\/www.cl-ever.com\/es\/productos\/\">Productos<\/a><\/li><li><a href=\"https:\/\/www.cl-ever.com\/es\/productos\/sistemas-de-identificacion\/\">Sistemas de Identificaci\u00f3n<\/a><\/li><li class=\"active\"><span>Placas Adhesivas de Identificaci\u00f3n<\/span><\/li><\/ul><\/div>\n\t\t            <\/div>\n\t\t\n\t\t        <\/div>\n\t\t    <\/div>\n\t\t<\/section>\n\t[\/vc_column][\/vc_row][vc_row full_width=\u00bbstretch_row_content_no_spaces\u00bb][vc_column][vc_single_image image=\u00bb8555&#8243; img_size=\u00bbfull\u00bb alignment=\u00bbcenter\u00bb css_animation=\u00bbappear\u00bb][\/vc_column][\/vc_row][vc_row css=\u00bb.vc_custom_1685979054621{padding-top: 3% !important;padding-bottom: 3% !important;}\u00bb][vc_column][vc_column_text]<\/p>\n<h3 style=\"text-align: center;\">Placas adhesivas de poli\u00e9ster, polipropileno y vinilo con adhesivos permanentes o removibles, capaces de resistir a sustancias qu\u00edmicas, combustible, aceite, disolventes, temperaturas variables, rayos UV y ara\u00f1azos. Ideales para el marcaje de componentes de motores en los sectores automotriz, aeroespacial y qu\u00edmico. La placa adhesiva de identificaci\u00f3n puede sustituir la cl\u00e1sica placa met\u00e1lica que normalmente se utiliza para la identificaci\u00f3n de productos y componentes.<\/h3>\n<p>[\/vc_column_text][\/vc_column][\/vc_row][vc_section css=\u00bb.vc_custom_1688377606471{background-image: url(https:\/\/www.cl-ever.com\/wp-content\/uploads\/2023\/06\/pattern8.png?id=8384) !important;}\u00bb][vc_row css=\u00bb.vc_custom_1685978826068{padding-bottom: 5% !important;}\u00bb][vc_column][vc_text_separator title=\u00bbPLACAS ADHESIVAS DE IDENTIFICACI\u00d3N\u00bb][\/vc_column][\/vc_row][vc_row css=\u00bb.vc_custom_1685980461271{padding-bottom: 10% !important;}\u00bb][vc_column width=\u00bb1\/2&#8243;][vc_masonry_media_grid gap=\u00bb2&#8243; item=\u00bbmediaGrid_SimpleOverlay\u00bb initial_loading_animation=\u00bbfadeIn\u00bb grid_id=\u00bbvc_gid:1689251695441-214c42c0-b675-10&#8243; include=\u00bb8628,8625,8634&#8243;][\/vc_column][vc_column width=\u00bb1\/2&#8243;]\n\t\t<div class=\"do-section-heading\">\n\t\t    <h1>Targhette adesive in poliestere bianco<\/h1>\n\t\t    <p class=\"do-section-subheading\"><\/p>\n\t\t<\/div>\n\t[vc_column_text css_animation=\u00bbbounceInRight\u00bb]<\/p>\n<p class=\"p1\">Etiquetas adhesivas de poli\u00e9ster blanco brillante con adhesivo acr\u00edlico permanente, resistentes a combustibles y aceites, o soluciones en polipropileno blanco con acabado mate, resistentes a disolventes.<\/p>\n<p class=\"p1\">Etiquetas de poli\u00e9ster blanco con acabado brillante y adhesivo de 0,0508\u202fmm para aplicaciones en superficies rugosas y resistentes a la exposici\u00f3n a disolventes. Certificaci\u00f3n UL para superficies com\u00fanmente utilizadas en la fabricaci\u00f3n de paneles solares. Tambi\u00e9n se utilizan para la identificaci\u00f3n de componentes, c\u00f3digos de barras, seguimiento de activos y control de inventario.<\/p>\n<p>[\/vc_column_text][\/vc_column][\/vc_row][vc_row css=\u00bb.vc_custom_1685980461271{padding-bottom: 10% !important;}\u00bb][vc_column width=\u00bb1\/2&#8243;][vc_masonry_media_grid gap=\u00bb2&#8243; item=\u00bbmediaGrid_SimpleOverlay\u00bb initial_loading_animation=\u00bbfadeIn\u00bb grid_id=\u00bbvc_gid:1689251695435-f06600c5-49f7-4&#8243; include=\u00bb8611,8617,8614&#8243;][\/vc_column][vc_column width=\u00bb1\/2&#8243;]\n\t\t<div class=\"do-section-heading\">\n\t\t    <h1>Targhette adesive tipo metallizzato<\/h1>\n\t\t    <p class=\"do-section-subheading\"><\/p>\n\t\t<\/div>\n\t[vc_column_text css_animation=\u00bbbounceInRight\u00bb]<\/p>\n<p class=\"p1\">Etiquetas de poli\u00e9ster con acabado de aspecto met\u00e1lico (no metalizado). Ideales para el seguimiento de bienes mediante c\u00f3digo de barras y aplicaciones de placas de identificaci\u00f3n. Soluciones resistentes a disolventes y temperaturas variables.<\/p>\n<p>[\/vc_column_text][\/vc_column][\/vc_row][vc_row css=\u00bb.vc_custom_1685980461271{padding-bottom: 10% !important;}\u00bb][vc_column width=\u00bb1\/2&#8243;][vc_masonry_media_grid gap=\u00bb2&#8243; item=\u00bbmediaGrid_SimpleOverlay\u00bb initial_loading_animation=\u00bbfadeIn\u00bb grid_id=\u00bbvc_gid:1689251695448-51b6c11d-b60c-4&#8243; include=\u00bb8654,8651,8648&#8243;][\/vc_column][vc_column width=\u00bb1\/2&#8243;]\n\t\t<div class=\"do-section-heading\">\n\t\t    <h1>Targhette adesive in vinile colorato<\/h1>\n\t\t    <p class=\"do-section-subheading\"><\/p>\n\t\t<\/div>\n\t[vc_column_text css_animation=\u00bbbounceInRight\u00bb]<\/p>\n<p class=\"p1\">Material vin\u00edlico de color para impresi\u00f3n por transferencia t\u00e9rmica. Ideal para placas de identificaci\u00f3n, identificaci\u00f3n del producto terminado y etiquetado general.<\/p>\n<p>[\/vc_column_text][\/vc_column][\/vc_row][vc_row css=\u00bb.vc_custom_1685980461271{padding-bottom: 10% !important;}\u00bb][vc_column width=\u00bb1\/2&#8243;][vc_masonry_media_grid element_width=\u00bb6&#8243; gap=\u00bb2&#8243; item=\u00bbmediaGrid_SimpleOverlay\u00bb initial_loading_animation=\u00bbfadeIn\u00bb grid_id=\u00bbvc_gid:1689251695457-b8856b32-e5fe-8&#8243; include=\u00bb8621,8614&#8243;][\/vc_column][vc_column width=\u00bb1\/2&#8243;]\n\t\t<div class=\"do-section-heading\">\n\t\t    <h1>Targhette adesive antimanomissione<\/h1>\n\t\t    <p class=\"do-section-subheading\"><\/p>\n\t\t<\/div>\n\t[vc_column_text css_animation=\u00bbbounceInRight\u00bb]<\/p>\n<p class=\"p1\">Soluciones de etiquetas de seguridad contra manipulaciones para proteger contra falsificaciones.<\/p>\n<p>[\/vc_column_text][\/vc_column][\/vc_row][vc_row css=\u00bb.vc_custom_1685978859804{padding-bottom: 5% !important;}\u00bb][vc_column width=\u00bb1\/2&#8243;][vc_masonry_media_grid element_width=\u00bb6&#8243; gap=\u00bb2&#8243; item=\u00bbmediaGrid_SimpleOverlay\u00bb initial_loading_animation=\u00bbfadeIn\u00bb grid_id=\u00bbvc_gid:1689251695427-7aff3571-8928-7&#8243; include=\u00bb8607,8599&#8243;][\/vc_column][vc_column width=\u00bb1\/2&#8243;]\n\t\t<div class=\"do-section-heading\">\n\t\t    <h1>Targhette adesive in poliestere nero<\/h1>\n\t\t    <p class=\"do-section-subheading\"><\/p>\n\t\t<\/div>\n\t[vc_column_text css_animation=\u00bbbounceInRight\u00bb]<\/p>\n<p class=\"p1\">Etiquetas de poli\u00e9ster negro mate con adhesivo permanente a base de caucho, con excelente legibilidad de c\u00f3digos de barras. Ideales para normativas y cumplimiento en componentes el\u00e9ctricos y productos terminados, para la identificaci\u00f3n de componentes en el sector automotriz y para la identificaci\u00f3n general.<\/p>\n<p>[\/vc_column_text][\/vc_column][\/vc_row][vc_row css=\u00bb.vc_custom_1685978826068{padding-bottom: 5% !important;}\u00bb][vc_column][vc_text_separator title=\u00bbIMPRESORAS\u00bb][\/vc_column][\/vc_row][vc_row css=\u00bb.vc_custom_1685978842310{padding-bottom: 5% !important;}\u00bb][vc_column width=\u00bb1\/2&#8243;]\n\t\t<div class=\"do-section-heading\">\n\t\t    <h1>Stampante BBP12<\/h1>\n\t\t    <p class=\"do-section-subheading\"><\/p>\n\t\t<\/div>\n\t[vc_column_text css_animation=\u00bbbounceInLeft\u00bb]La impresora de banco BBP12 es una soluci\u00f3n de nivel inicial para la identificaci\u00f3n de cables, componentes y productos, que ofrece una excelente relaci\u00f3n calidad-precio. La compacta BBP12 es capaz de manejar una amplia gama de etiquetas de identificaci\u00f3n altamente resistentes y especializadas.[\/vc_column_text][\/vc_column][vc_column width=\u00bb1\/2&#8243;][vc_masonry_media_grid gap=\u00bb2&#8243; item=\u00bbmediaGrid_SimpleOverlay\u00bb initial_loading_animation=\u00bbfadeIn\u00bb grid_id=\u00bbvc_gid:1689251695466-8744780a-d703-9&#8243; include=\u00bb8582,8585,8291&#8243;][\/vc_column][\/vc_row][vc_row css=\u00bb.vc_custom_1685978859804{padding-bottom: 5% !important;}\u00bb][vc_column width=\u00bb1\/2&#8243;]\n\t\t<div class=\"do-section-heading\">\n\t\t    <h1>Stampante i7100<\/h1>\n\t\t    <p class=\"do-section-subheading\"><\/p>\n\t\t<\/div>\n\t[vc_column_text css_animation=\u00bbbounceInLeft\u00bb]<\/p>\n<p class=\"p1\"><span class=\"s1\">La impresora de etiquetas industrial i7100 ofrece una impresi\u00f3n duradera y de alta precisi\u00f3n, dise\u00f1ada para cumplir con los altos est\u00e1ndares y grandes vol\u00famenes de producci\u00f3n exigidos por los sectores aeroespacial, de defensa, transporte, electr\u00f3nica, automotriz y log\u00edstica. Imprime r\u00e1pidamente una amplia gama de materiales para la identificaci\u00f3n de cables, circuitos impresos, activos y componentes.<\/span><\/p>\n<p>[\/vc_column_text][\/vc_column][vc_column width=\u00bb1\/2&#8243;][vc_masonry_media_grid gap=\u00bb2&#8243; item=\u00bbmediaGrid_SimpleOverlay\u00bb initial_loading_animation=\u00bbfadeIn\u00bb grid_id=\u00bbvc_gid:1689251695473-e70e904f-dcce-7&#8243; include=\u00bb8575,8578,8572&#8243;][\/vc_column][\/vc_row][\/vc_section][vc_row][vc_column][vc_btn title=\u00bbCont\u00e1ctanos para m\u00e1s informaci\u00f3n\u00bb color=\u00bbblack\u00bb align=\u00bbcenter\u00bb link=\u00bburl:https%3A%2F%2Fwww.cl-ever.com%2Fes%2Fcontactos%2F|title:Contactos|\u00bb][\/vc_column][\/vc_row]<\/p>\n<\/div>","protected":false},"excerpt":{"rendered":"<p>[vc_row full_width=\u00bbstretch_row\u00bb][vc_column][\/vc_column][\/vc_row][vc_row full_width=\u00bbstretch_row_content_no_spaces\u00bb][vc_column][vc_single_image image=\u00bb8555&#8243; img_size=\u00bbfull\u00bb alignment=\u00bbcenter\u00bb css_animation=\u00bbappear\u00bb][\/vc_column][\/vc_row][vc_row css=\u00bb.vc_custom_1685979054621{padding-top: 3% !important;padding-bottom: 3% !important;}\u00bb][vc_column][vc_column_text] Placas adhesivas de poli\u00e9ster, polipropileno y vinilo con adhesivos&#8230;<\/p>\n","protected":false},"author":7,"featured_media":0,"parent":9343,"menu_order":0,"comment_status":"closed","ping_status":"closed","template":"","meta":{"_monsterinsights_skip_tracking":false,"_monsterinsights_sitenote_active":false,"_monsterinsights_sitenote_note":"","_monsterinsights_sitenote_category":0,"footnotes":""},"class_list":["post-9336","page","type-page","status-publish","hentry"],"yoast_head":"<!-- This site is optimized with the Yoast SEO plugin v27.4 - https:\/\/yoast.com\/product\/yoast-seo-wordpress\/ -->\n<title>Placas Adhesivas de Identificaci\u00f3n<\/title>\n<meta name=\"description\" content=\"Placas adhesivas capaces de resistir a sustancias qu\u00edmicas, combustible, aceite, disolventes, temperaturas variables, rayos UV y ara\u00f1azos.\" \/>\n<meta name=\"robots\" content=\"index, follow, max-snippet:-1, max-image-preview:large, max-video-preview:-1\" \/>\n<link rel=\"canonical\" href=\"https:\/\/www.cl-ever.com\/es\/productos\/sistemas-de-identificacion\/placas-adhesivas-de-identificacion\/\" \/>\n<meta property=\"og:locale\" content=\"es_ES\" \/>\n<meta property=\"og:type\" content=\"article\" \/>\n<meta property=\"og:title\" content=\"Placas Adhesivas de Identificaci\u00f3n\" \/>\n<meta property=\"og:description\" content=\"Placas adhesivas capaces de resistir a sustancias qu\u00edmicas, combustible, aceite, disolventes, temperaturas variables, rayos UV y ara\u00f1azos.\" \/>\n<meta property=\"og:url\" content=\"https:\/\/www.cl-ever.com\/es\/productos\/sistemas-de-identificacion\/placas-adhesivas-de-identificacion\/\" \/>\n<meta property=\"og:site_name\" content=\"Clever\" \/>\n<meta property=\"article:modified_time\" content=\"2025-05-06T13:12:37+00:00\" \/>\n<meta name=\"twitter:card\" content=\"summary_large_image\" \/>\n<meta name=\"twitter:label1\" content=\"Tiempo de lectura\" \/>\n\t<meta name=\"twitter:data1\" content=\"5 minutos\" \/>\n<script type=\"application\/ld+json\" class=\"yoast-schema-graph\">{\"@context\":\"https:\\\/\\\/schema.org\",\"@graph\":[{\"@type\":\"WebPage\",\"@id\":\"https:\\\/\\\/www.cl-ever.com\\\/es\\\/productos\\\/sistemas-de-identificacion\\\/placas-adhesivas-de-identificacion\\\/\",\"url\":\"https:\\\/\\\/www.cl-ever.com\\\/es\\\/productos\\\/sistemas-de-identificacion\\\/placas-adhesivas-de-identificacion\\\/\",\"name\":\"Placas Adhesivas de Identificaci\u00f3n\",\"isPartOf\":{\"@id\":\"https:\\\/\\\/www.cl-ever.com\\\/#website\"},\"datePublished\":\"2025-05-06T12:57:53+00:00\",\"dateModified\":\"2025-05-06T13:12:37+00:00\",\"description\":\"Placas adhesivas capaces de resistir a sustancias qu\u00edmicas, combustible, aceite, disolventes, temperaturas variables, rayos UV y ara\u00f1azos.\",\"breadcrumb\":{\"@id\":\"https:\\\/\\\/www.cl-ever.com\\\/es\\\/productos\\\/sistemas-de-identificacion\\\/placas-adhesivas-de-identificacion\\\/#breadcrumb\"},\"inLanguage\":\"es\",\"potentialAction\":[{\"@type\":\"ReadAction\",\"target\":[\"https:\\\/\\\/www.cl-ever.com\\\/es\\\/productos\\\/sistemas-de-identificacion\\\/placas-adhesivas-de-identificacion\\\/\"]}]},{\"@type\":\"BreadcrumbList\",\"@id\":\"https:\\\/\\\/www.cl-ever.com\\\/es\\\/productos\\\/sistemas-de-identificacion\\\/placas-adhesivas-de-identificacion\\\/#breadcrumb\",\"itemListElement\":[{\"@type\":\"ListItem\",\"position\":1,\"name\":\"Home\",\"item\":\"https:\\\/\\\/www.cl-ever.com\\\/es\\\/\"},{\"@type\":\"ListItem\",\"position\":2,\"name\":\"Productos\",\"item\":\"https:\\\/\\\/www.cl-ever.com\\\/productos\\\/\"},{\"@type\":\"ListItem\",\"position\":3,\"name\":\"Sistemas de Identificaci\u00f3n\",\"item\":\"https:\\\/\\\/www.cl-ever.com\\\/es\\\/productos\\\/sistemas-de-identificacion\\\/\"},{\"@type\":\"ListItem\",\"position\":4,\"name\":\"Placas Adhesivas de Identificaci\u00f3n\"}]},{\"@type\":\"WebSite\",\"@id\":\"https:\\\/\\\/www.cl-ever.com\\\/#website\",\"url\":\"https:\\\/\\\/www.cl-ever.com\\\/\",\"name\":\"Clever\",\"description\":\"Connection &amp; Lightind Ever\",\"potentialAction\":[{\"@type\":\"SearchAction\",\"target\":{\"@type\":\"EntryPoint\",\"urlTemplate\":\"https:\\\/\\\/www.cl-ever.com\\\/?s={search_term_string}\"},\"query-input\":{\"@type\":\"PropertyValueSpecification\",\"valueRequired\":true,\"valueName\":\"search_term_string\"}}],\"inLanguage\":\"es\"}]}<\/script>\n<!-- \/ Yoast SEO plugin. -->","yoast_head_json":{"title":"Placas Adhesivas de Identificaci\u00f3n","description":"Placas adhesivas capaces de resistir a sustancias qu\u00edmicas, combustible, aceite, disolventes, temperaturas variables, rayos UV y ara\u00f1azos.","robots":{"index":"index","follow":"follow","max-snippet":"max-snippet:-1","max-image-preview":"max-image-preview:large","max-video-preview":"max-video-preview:-1"},"canonical":"https:\/\/www.cl-ever.com\/es\/productos\/sistemas-de-identificacion\/placas-adhesivas-de-identificacion\/","og_locale":"es_ES","og_type":"article","og_title":"Placas Adhesivas de Identificaci\u00f3n","og_description":"Placas adhesivas capaces de resistir a sustancias qu\u00edmicas, combustible, aceite, disolventes, temperaturas variables, rayos UV y ara\u00f1azos.","og_url":"https:\/\/www.cl-ever.com\/es\/productos\/sistemas-de-identificacion\/placas-adhesivas-de-identificacion\/","og_site_name":"Clever","article_modified_time":"2025-05-06T13:12:37+00:00","twitter_card":"summary_large_image","twitter_misc":{"Tiempo de lectura":"5 minutos"},"schema":{"@context":"https:\/\/schema.org","@graph":[{"@type":"WebPage","@id":"https:\/\/www.cl-ever.com\/es\/productos\/sistemas-de-identificacion\/placas-adhesivas-de-identificacion\/","url":"https:\/\/www.cl-ever.com\/es\/productos\/sistemas-de-identificacion\/placas-adhesivas-de-identificacion\/","name":"Placas Adhesivas de Identificaci\u00f3n","isPartOf":{"@id":"https:\/\/www.cl-ever.com\/#website"},"datePublished":"2025-05-06T12:57:53+00:00","dateModified":"2025-05-06T13:12:37+00:00","description":"Placas adhesivas capaces de resistir a sustancias qu\u00edmicas, combustible, aceite, disolventes, temperaturas variables, rayos UV y ara\u00f1azos.","breadcrumb":{"@id":"https:\/\/www.cl-ever.com\/es\/productos\/sistemas-de-identificacion\/placas-adhesivas-de-identificacion\/#breadcrumb"},"inLanguage":"es","potentialAction":[{"@type":"ReadAction","target":["https:\/\/www.cl-ever.com\/es\/productos\/sistemas-de-identificacion\/placas-adhesivas-de-identificacion\/"]}]},{"@type":"BreadcrumbList","@id":"https:\/\/www.cl-ever.com\/es\/productos\/sistemas-de-identificacion\/placas-adhesivas-de-identificacion\/#breadcrumb","itemListElement":[{"@type":"ListItem","position":1,"name":"Home","item":"https:\/\/www.cl-ever.com\/es\/"},{"@type":"ListItem","position":2,"name":"Productos","item":"https:\/\/www.cl-ever.com\/productos\/"},{"@type":"ListItem","position":3,"name":"Sistemas de Identificaci\u00f3n","item":"https:\/\/www.cl-ever.com\/es\/productos\/sistemas-de-identificacion\/"},{"@type":"ListItem","position":4,"name":"Placas Adhesivas de Identificaci\u00f3n"}]},{"@type":"WebSite","@id":"https:\/\/www.cl-ever.com\/#website","url":"https:\/\/www.cl-ever.com\/","name":"Clever","description":"Connection &amp; Lightind Ever","potentialAction":[{"@type":"SearchAction","target":{"@type":"EntryPoint","urlTemplate":"https:\/\/www.cl-ever.com\/?s={search_term_string}"},"query-input":{"@type":"PropertyValueSpecification","valueRequired":true,"valueName":"search_term_string"}}],"inLanguage":"es"}]}},"_links":{"self":[{"href":"https:\/\/www.cl-ever.com\/es\/wp-json\/wp\/v2\/pages\/9336","targetHints":{"allow":["GET"]}}],"collection":[{"href":"https:\/\/www.cl-ever.com\/es\/wp-json\/wp\/v2\/pages"}],"about":[{"href":"https:\/\/www.cl-ever.com\/es\/wp-json\/wp\/v2\/types\/page"}],"author":[{"embeddable":true,"href":"https:\/\/www.cl-ever.com\/es\/wp-json\/wp\/v2\/users\/7"}],"replies":[{"embeddable":true,"href":"https:\/\/www.cl-ever.com\/es\/wp-json\/wp\/v2\/comments?post=9336"}],"version-history":[{"count":3,"href":"https:\/\/www.cl-ever.com\/es\/wp-json\/wp\/v2\/pages\/9336\/revisions"}],"predecessor-version":[{"id":9339,"href":"https:\/\/www.cl-ever.com\/es\/wp-json\/wp\/v2\/pages\/9336\/revisions\/9339"}],"up":[{"embeddable":true,"href":"https:\/\/www.cl-ever.com\/es\/wp-json\/wp\/v2\/pages\/9343"}],"wp:attachment":[{"href":"https:\/\/www.cl-ever.com\/es\/wp-json\/wp\/v2\/media?parent=9336"}],"curies":[{"name":"wp","href":"https:\/\/api.w.org\/{rel}","templated":true}]}}