{"id":8955,"date":"2024-06-25T10:09:07","date_gmt":"2024-06-25T08:09:07","guid":{"rendered":"https:\/\/www.cl-ever.com\/productos\/rele\/electronica\/"},"modified":"2024-06-25T10:09:08","modified_gmt":"2024-06-25T08:09:08","slug":"electronica","status":"publish","type":"page","link":"https:\/\/www.cl-ever.com\/es\/productos\/rele\/electronica\/","title":{"rendered":"Electr\u00f3nica"},"content":{"rendered":"<div class=\"wpb-content-wrapper\"><p>[vc_row full_width=\u00bbstretch_row\u00bb][vc_column]\n\t\t<section class=\"do-normal-page-title-section\">\n\t\t    <div class=\"container\">\n\t\t        <div class=\"row uppercase\">\n\t\t\n\t\t            <div class=\"do-page-title-wrapper\">\n\t\t            \t<div class=\"do-default-page-title col-md-7 col-sm-7 col-xs-12\">\n\t\t            \t\t<h2>Electr\u00f3nica<\/h2>\n\t\t            \t\t<p>Rel\u00e9<\/p>\n\t\t            \t<\/div>\n\t\t\n\t\t            \t<div class=\"do-breadcumb\"><ul><li><a href=\"https:\/\/www.cl-ever.com\/es\/\" class=\"home-link\" rel=\"home\">Home<\/a><\/li><li><a href=\"https:\/\/www.cl-ever.com\/es\/productos\/\">Productos<\/a><\/li><li><a href=\"https:\/\/www.cl-ever.com\/es\/productos\/rele\/\">Rel\u00e9<\/a><\/li><li class=\"active\"><span>Electr\u00f3nica<\/span><\/li><\/ul><\/div>\n\t\t            <\/div>\n\t\t\n\t\t        <\/div>\n\t\t    <\/div>\n\t\t<\/section>\n\t[\/vc_column][\/vc_row][vc_row full_width=\u00bbstretch_row_content_no_spaces\u00bb][vc_column][vc_single_image image=\u00bb6084&#8243; img_size=\u00bbfull\u00bb alignment=\u00bbcenter\u00bb css_animation=\u00bbappear\u00bb][\/vc_column][\/vc_row][vc_row][vc_column][vc_column_text css_animation=\u00bbleft-to-right\u00bb css=\u00bb.vc_custom_1473345276832{padding-right: 20px !important;padding-left: 20px !important;}\u00bb]<\/p>\n<h1 style=\"text-align: left;\">Rel\u00e9 para Electr\u00f3nica<\/h1>\n<h1 style=\"text-align: left;\">En este \u00e1mbito se utilizan diversos tipos de rel\u00e9s seg\u00fan la aplicaci\u00f3n:<\/h1>\n<ol>\n<li>rel\u00e9s para la conmutaci\u00f3n de peque\u00f1as se\u00f1ales<\/li>\n<li>potencias<\/li>\n<li>cargas resistivas o inductivas<\/li>\n<li>monostables o bistables<\/li>\n<li>lavables con flujo o completamente sellados.<\/li>\n<\/ol>\n<p>Para los modelos de alta rotaci\u00f3n, CLEVER ofrece un servicio de entrega r\u00e1pida desde el almac\u00e9n.<\/p>\n<p>[\/vc_column_text][\/vc_column][\/vc_row][vc_row][vc_column][vc_masonry_media_grid element_width=\u00bb2&#8243; gap=\u00bb0&#8243; item=\u00bbmasonryMedia_ScaleWithRotationLight\u00bb initial_loading_animation=\u00bbfadeIn\u00bb grid_id=\u00bbvc_gid:1476456800398-30f11e74-b0db-0&#8243; include=\u00bb7527,7528&#8243;][\/vc_column][\/vc_row][vc_row][vc_column][vc_images_carousel images=\u00bb5928,5915,5917,5930,5922,5924,6697&#8243; img_size=\u00bbfull\u00bb onclick=\u00bbcustom_link\u00bb speed=\u00bb2000&#8243; slides_per_view=\u00bb5&#8243; autoplay=\u00bbyes\u00bb hide_pagination_control=\u00bbyes\u00bb wrap=\u00bbyes\u00bb title=\u00bbGama de productos para el sector de la Electr\u00f3nica\u00bb custom_links=\u00bb#E-8_JUEyJURCYiVGRCVDOCVBQnIlRTglQUQlOEElQ0JaJTlBJTk2JUFEJThCJUY3JUE1eiVEQmslQTJ4JTlDayVGRiVFOSVBRSU4N2glQjYlRDglQkZyJTg5JUU3eiVEQmglQUUlMkYlREUlOTUlRUJtJUFFJTg5JUUycSVBRiVGRiVBNiVCQSUxRCVBMiVEQmIlRkUlQjclQTUlN0IlRjclQTV6JURCayVBMnglOUNrJUZGJUU5JUFFJTg3aCVCNiVEOCVCRnYlMkIlMjklOTUlQUMlQkZ6VyVBRCVCNiVCQSUyNyU4OSVDNiVCRiVGRSU5QSVFOHYlOEJtJThCJUY4JUE3JUI1JUVBJUVCJUJBJURCaCVBRSUyRiVERSU5NSVFQm0lQUUlODklRTJxJUFGJUZGJUE2JUJBJTFEJUEyJURCYiVGRSVEQSVEQSVCMSVGQSUyQiU5OSVBQmglQUUlMkYlREUlOTUlRUJtJUFFJTg5JUUycSVBRiVGRiVBNiVCQSUxRCVBMiVEQmIlRkUlQzglQUMlQjUlRTklQTJ2JTI4JTlEeiU3QmJ+JTI3JTFBJUNFJTJBJTI3JTdCJUY3JUE1eiVEQmslQTJ4JTlDaw==\u00bb][\/vc_column][\/vc_row]<\/p>\n<\/div>","protected":false},"excerpt":{"rendered":"<p>[vc_row full_width=\u00bbstretch_row\u00bb][vc_column][\/vc_column][\/vc_row][vc_row full_width=\u00bbstretch_row_content_no_spaces\u00bb][vc_column][vc_single_image image=\u00bb6084&#8243; img_size=\u00bbfull\u00bb alignment=\u00bbcenter\u00bb css_animation=\u00bbappear\u00bb][\/vc_column][\/vc_row][vc_row][vc_column][vc_column_text css_animation=\u00bbleft-to-right\u00bb css=\u00bb.vc_custom_1473345276832{padding-right: 20px !important;padding-left: 20px !important;}\u00bb] Rel\u00e9 para Electr\u00f3nica En este \u00e1mbito se utilizan&#8230;<\/p>\n","protected":false},"author":7,"featured_media":0,"parent":8004,"menu_order":0,"comment_status":"closed","ping_status":"closed","template":"","meta":{"_monsterinsights_skip_tracking":false,"_monsterinsights_sitenote_active":false,"_monsterinsights_sitenote_note":"","_monsterinsights_sitenote_category":0,"footnotes":""},"class_list":["post-8955","page","type-page","status-publish","hentry"],"yoast_head":"<!-- This site is optimized with the Yoast SEO plugin v27.5 - https:\/\/yoast.com\/product\/yoast-seo-wordpress\/ -->\n<title>Rel\u00e9 para Electr\u00f3nica<\/title>\n<meta name=\"description\" content=\"Rel\u00e9 para Electr\u00f3nica: para la conmutaci\u00f3n de peque\u00f1as se\u00f1ales, potencias, cargas resistivas o inductivas, monostables o bistables, etc.\" \/>\n<meta name=\"robots\" content=\"index, follow, max-snippet:-1, max-image-preview:large, max-video-preview:-1\" \/>\n<link rel=\"canonical\" href=\"https:\/\/www.cl-ever.com\/es\/productos\/rele\/electronica\/\" \/>\n<meta property=\"og:locale\" content=\"es_ES\" \/>\n<meta property=\"og:type\" content=\"article\" \/>\n<meta property=\"og:title\" content=\"Rel\u00e9 para Electr\u00f3nica\" \/>\n<meta property=\"og:description\" content=\"Rel\u00e9 para Electr\u00f3nica: para la conmutaci\u00f3n de peque\u00f1as se\u00f1ales, potencias, cargas resistivas o inductivas, monostables o bistables, etc.\" \/>\n<meta property=\"og:url\" content=\"https:\/\/www.cl-ever.com\/es\/productos\/rele\/electronica\/\" \/>\n<meta property=\"og:site_name\" content=\"Clever\" \/>\n<meta property=\"article:modified_time\" content=\"2024-06-25T08:09:08+00:00\" \/>\n<meta name=\"twitter:card\" content=\"summary_large_image\" \/>\n<meta name=\"twitter:label1\" content=\"Tiempo de lectura\" \/>\n\t<meta name=\"twitter:data1\" content=\"1 minuto\" \/>\n<script type=\"application\/ld+json\" class=\"yoast-schema-graph\">{\"@context\":\"https:\\\/\\\/schema.org\",\"@graph\":[{\"@type\":\"WebPage\",\"@id\":\"https:\\\/\\\/www.cl-ever.com\\\/es\\\/productos\\\/rele\\\/electronica\\\/\",\"url\":\"https:\\\/\\\/www.cl-ever.com\\\/es\\\/productos\\\/rele\\\/electronica\\\/\",\"name\":\"Rel\u00e9 para Electr\u00f3nica\",\"isPartOf\":{\"@id\":\"https:\\\/\\\/www.cl-ever.com\\\/#website\"},\"datePublished\":\"2024-06-25T08:09:07+00:00\",\"dateModified\":\"2024-06-25T08:09:08+00:00\",\"description\":\"Rel\u00e9 para Electr\u00f3nica: para la conmutaci\u00f3n de peque\u00f1as se\u00f1ales, potencias, cargas resistivas o inductivas, monostables o bistables, etc.\",\"breadcrumb\":{\"@id\":\"https:\\\/\\\/www.cl-ever.com\\\/es\\\/productos\\\/rele\\\/electronica\\\/#breadcrumb\"},\"inLanguage\":\"es\",\"potentialAction\":[{\"@type\":\"ReadAction\",\"target\":[\"https:\\\/\\\/www.cl-ever.com\\\/es\\\/productos\\\/rele\\\/electronica\\\/\"]}]},{\"@type\":\"BreadcrumbList\",\"@id\":\"https:\\\/\\\/www.cl-ever.com\\\/es\\\/productos\\\/rele\\\/electronica\\\/#breadcrumb\",\"itemListElement\":[{\"@type\":\"ListItem\",\"position\":1,\"name\":\"Home\",\"item\":\"https:\\\/\\\/www.cl-ever.com\\\/es\\\/\"},{\"@type\":\"ListItem\",\"position\":2,\"name\":\"Productos\",\"item\":\"https:\\\/\\\/www.cl-ever.com\\\/productos\\\/\"},{\"@type\":\"ListItem\",\"position\":3,\"name\":\"Rel\u00e9\",\"item\":\"https:\\\/\\\/www.cl-ever.com\\\/es\\\/productos\\\/rele\\\/\"},{\"@type\":\"ListItem\",\"position\":4,\"name\":\"Electr\u00f3nica\"}]},{\"@type\":\"WebSite\",\"@id\":\"https:\\\/\\\/www.cl-ever.com\\\/#website\",\"url\":\"https:\\\/\\\/www.cl-ever.com\\\/\",\"name\":\"Clever\",\"description\":\"Connection &amp; Lightind Ever\",\"potentialAction\":[{\"@type\":\"SearchAction\",\"target\":{\"@type\":\"EntryPoint\",\"urlTemplate\":\"https:\\\/\\\/www.cl-ever.com\\\/?s={search_term_string}\"},\"query-input\":{\"@type\":\"PropertyValueSpecification\",\"valueRequired\":true,\"valueName\":\"search_term_string\"}}],\"inLanguage\":\"es\"}]}<\/script>\n<!-- \/ Yoast SEO plugin. -->","yoast_head_json":{"title":"Rel\u00e9 para Electr\u00f3nica","description":"Rel\u00e9 para Electr\u00f3nica: para la conmutaci\u00f3n de peque\u00f1as se\u00f1ales, potencias, cargas resistivas o inductivas, monostables o bistables, etc.","robots":{"index":"index","follow":"follow","max-snippet":"max-snippet:-1","max-image-preview":"max-image-preview:large","max-video-preview":"max-video-preview:-1"},"canonical":"https:\/\/www.cl-ever.com\/es\/productos\/rele\/electronica\/","og_locale":"es_ES","og_type":"article","og_title":"Rel\u00e9 para Electr\u00f3nica","og_description":"Rel\u00e9 para Electr\u00f3nica: para la conmutaci\u00f3n de peque\u00f1as se\u00f1ales, potencias, cargas resistivas o inductivas, monostables o bistables, etc.","og_url":"https:\/\/www.cl-ever.com\/es\/productos\/rele\/electronica\/","og_site_name":"Clever","article_modified_time":"2024-06-25T08:09:08+00:00","twitter_card":"summary_large_image","twitter_misc":{"Tiempo de lectura":"1 minuto"},"schema":{"@context":"https:\/\/schema.org","@graph":[{"@type":"WebPage","@id":"https:\/\/www.cl-ever.com\/es\/productos\/rele\/electronica\/","url":"https:\/\/www.cl-ever.com\/es\/productos\/rele\/electronica\/","name":"Rel\u00e9 para Electr\u00f3nica","isPartOf":{"@id":"https:\/\/www.cl-ever.com\/#website"},"datePublished":"2024-06-25T08:09:07+00:00","dateModified":"2024-06-25T08:09:08+00:00","description":"Rel\u00e9 para Electr\u00f3nica: para la conmutaci\u00f3n de peque\u00f1as se\u00f1ales, potencias, cargas resistivas o inductivas, monostables o bistables, etc.","breadcrumb":{"@id":"https:\/\/www.cl-ever.com\/es\/productos\/rele\/electronica\/#breadcrumb"},"inLanguage":"es","potentialAction":[{"@type":"ReadAction","target":["https:\/\/www.cl-ever.com\/es\/productos\/rele\/electronica\/"]}]},{"@type":"BreadcrumbList","@id":"https:\/\/www.cl-ever.com\/es\/productos\/rele\/electronica\/#breadcrumb","itemListElement":[{"@type":"ListItem","position":1,"name":"Home","item":"https:\/\/www.cl-ever.com\/es\/"},{"@type":"ListItem","position":2,"name":"Productos","item":"https:\/\/www.cl-ever.com\/productos\/"},{"@type":"ListItem","position":3,"name":"Rel\u00e9","item":"https:\/\/www.cl-ever.com\/es\/productos\/rele\/"},{"@type":"ListItem","position":4,"name":"Electr\u00f3nica"}]},{"@type":"WebSite","@id":"https:\/\/www.cl-ever.com\/#website","url":"https:\/\/www.cl-ever.com\/","name":"Clever","description":"Connection &amp; Lightind Ever","potentialAction":[{"@type":"SearchAction","target":{"@type":"EntryPoint","urlTemplate":"https:\/\/www.cl-ever.com\/?s={search_term_string}"},"query-input":{"@type":"PropertyValueSpecification","valueRequired":true,"valueName":"search_term_string"}}],"inLanguage":"es"}]}},"_links":{"self":[{"href":"https:\/\/www.cl-ever.com\/es\/wp-json\/wp\/v2\/pages\/8955","targetHints":{"allow":["GET"]}}],"collection":[{"href":"https:\/\/www.cl-ever.com\/es\/wp-json\/wp\/v2\/pages"}],"about":[{"href":"https:\/\/www.cl-ever.com\/es\/wp-json\/wp\/v2\/types\/page"}],"author":[{"embeddable":true,"href":"https:\/\/www.cl-ever.com\/es\/wp-json\/wp\/v2\/users\/7"}],"replies":[{"embeddable":true,"href":"https:\/\/www.cl-ever.com\/es\/wp-json\/wp\/v2\/comments?post=8955"}],"version-history":[{"count":3,"href":"https:\/\/www.cl-ever.com\/es\/wp-json\/wp\/v2\/pages\/8955\/revisions"}],"predecessor-version":[{"id":8958,"href":"https:\/\/www.cl-ever.com\/es\/wp-json\/wp\/v2\/pages\/8955\/revisions\/8958"}],"up":[{"embeddable":true,"href":"https:\/\/www.cl-ever.com\/es\/wp-json\/wp\/v2\/pages\/8004"}],"wp:attachment":[{"href":"https:\/\/www.cl-ever.com\/es\/wp-json\/wp\/v2\/media?parent=8955"}],"curies":[{"name":"wp","href":"https:\/\/api.w.org\/{rel}","templated":true}]}}