{"id":8947,"date":"2024-06-25T10:06:34","date_gmt":"2024-06-25T08:06:34","guid":{"rendered":"https:\/\/www.cl-ever.com\/productos\/rele\/electrodomesticos\/"},"modified":"2024-06-25T10:48:59","modified_gmt":"2024-06-25T08:48:59","slug":"electrodomesticos","status":"publish","type":"page","link":"https:\/\/www.cl-ever.com\/es\/productos\/rele\/electrodomesticos\/","title":{"rendered":"Electrodom\u00e9sticos"},"content":{"rendered":"<div class=\"wpb-content-wrapper\"><p>[vc_row full_width=\u00bbstretch_row\u00bb][vc_column]\n\t\t<section class=\"do-normal-page-title-section\">\n\t\t    <div class=\"container\">\n\t\t        <div class=\"row uppercase\">\n\t\t\n\t\t            <div class=\"do-page-title-wrapper\">\n\t\t            \t<div class=\"do-default-page-title col-md-7 col-sm-7 col-xs-12\">\n\t\t            \t\t<h2>Electrodom\u00e9sticos<\/h2>\n\t\t            \t\t<p>Rel\u00e9s<\/p>\n\t\t            \t<\/div>\n\t\t\n\t\t            \t<div class=\"do-breadcumb\"><ul><li><a href=\"https:\/\/www.cl-ever.com\/es\/\" class=\"home-link\" rel=\"home\">Home<\/a><\/li><li><a href=\"https:\/\/www.cl-ever.com\/es\/productos\/\">Productos<\/a><\/li><li><a href=\"https:\/\/www.cl-ever.com\/es\/productos\/rele\/\">Rel\u00e9<\/a><\/li><li class=\"active\"><span>Electrodom\u00e9sticos<\/span><\/li><\/ul><\/div>\n\t\t            <\/div>\n\t\t\n\t\t        <\/div>\n\t\t    <\/div>\n\t\t<\/section>\n\t[\/vc_column][\/vc_row][vc_row full_width=\u00bbstretch_row_content_no_spaces\u00bb][vc_column][vc_single_image image=\u00bb6085&#8243; img_size=\u00bbfull\u00bb alignment=\u00bbcenter\u00bb css_animation=\u00bbappear\u00bb][\/vc_column][\/vc_row][vc_row][vc_column][vc_column_text css_animation=\u00bbleft-to-right\u00bb css=\u00bb.vc_custom_1473344061223{padding-right: 20px !important;padding-left: 20px !important;}\u00bb]<\/p>\n<h1 style=\"text-align: left;\">Rel\u00e9s para electrodom\u00e9sticos<\/h1>\n<h1 style=\"text-align: left;\">CLEVER ofrece una amplia gama de rel\u00e9s dise\u00f1ados para satisfacer todas las necesidades de<\/h1>\n<h2 style=\"text-align: left;\">lavadoras \/ lavavajillas \/ secadoras \/ campanas extractoras \/ refrigeradores \/ placas de cocina \/ hornos de acuerdo con las \u00faltimas normativas (por ejemplo, EN60335 en sus diferentes ediciones).<\/h2>\n<p>Las caracter\u00edsticas principales son:<\/p>\n<ol>\n<li>Dimensiones reducidas<\/li>\n<li>Bajo consumo (&lt; 200mW)<\/li>\n<li>Alto n\u00famero de ciclos<\/li>\n<li>Alta capacidad<\/li>\n<li>Alta temperatura (105\u00b0C y 125\u00b0C)<\/li>\n<\/ol>\n<p>[\/vc_column_text][\/vc_column][\/vc_row][vc_row][vc_column][vc_masonry_media_grid element_width=\u00bb2&#8243; gap=\u00bb0&#8243; item=\u00bbmasonryMedia_ScaleWithRotationLight\u00bb initial_loading_animation=\u00bbfadeIn\u00bb grid_id=\u00bbvc_gid:1476465650911-5d83e665-5b30-0&#8243; include=\u00bb7522&#8243;][\/vc_column][\/vc_row][vc_row][vc_column][vc_images_carousel images=\u00bb5915,5917,5922,5924,5926,5930,6706&#8243; img_size=\u00bbfull\u00bb onclick=\u00bbcustom_link\u00bb speed=\u00bb2000&#8243; slides_per_view=\u00bb5&#8243; autoplay=\u00bbyes\u00bb hide_pagination_control=\u00bbyes\u00bb wrap=\u00bbyes\u00bb title=\u00bbGama de productos para el sector de Electrodom\u00e9sticos\u00bb custom_links=\u00bb#E-8_JUEyJURCYiVGRCVDQSUyNyU5RCVFQm0lQTIlQjglQkZ6VyVBRCVCNiVCQSUxRCVBMmclQUMlQjYlMjclMjIlRkYlRkFrJUExJURBLSVCNiUyRiVFQnpXJUJGelclQUQlQjYlQkElMUQlQTJnJUFDJUI2JTI3JTIyJUZGJUZBayVBMSVEQS0lQjYlMkYlRTIlOUUlRDclQUIlQUUlRUJtJUEyJUI4JUJGelclQUQlQjYlQkElMUQlQTJnJUFDJUI2JTI3JTIyJUZGJUZBayVBMSVEQS0lQjYlMkYlRUQlQUQlQUIlMUYlQTIlQjklOUElQjYlOEElRTIlRkQlRTklNUUlQjYlREElRTh2JTg5JTlFJUIyJUQ4JTlDJThCJUZGJUU5JUFFJTg3aCVCNiVEOCVCRiVCNSVFQSVFNiVBMiVDQlolQjYlMkYlREUlOTUlRUJtJUFFJTg3aCU5OSVFQi0lODklQzglQkYlRkUlOUElRTh2JThCbSU4QiVGN2IlQjIlOTlaJUNCJUY3JUE1eiVEQmslQTElREElMjZ6JUNCYnIlMkYlRkYlQTYlQkElMUQlQTIlREJiJUZFJUQ2JUFDJUI2JTI3JUFCJTdCJUY3JUE1eiVEQmslQTElREElMjZ6JUNCYnIlMkY=\u00bb][\/vc_column][\/vc_row]<\/p>\n<\/div>","protected":false},"excerpt":{"rendered":"<p>[vc_row full_width=\u00bbstretch_row\u00bb][vc_column][\/vc_column][\/vc_row][vc_row full_width=\u00bbstretch_row_content_no_spaces\u00bb][vc_column][vc_single_image image=\u00bb6085&#8243; img_size=\u00bbfull\u00bb alignment=\u00bbcenter\u00bb css_animation=\u00bbappear\u00bb][\/vc_column][\/vc_row][vc_row][vc_column][vc_column_text css_animation=\u00bbleft-to-right\u00bb css=\u00bb.vc_custom_1473344061223{padding-right: 20px !important;padding-left: 20px !important;}\u00bb] Rel\u00e9s para electrodom\u00e9sticos CLEVER ofrece una amplia gama&#8230;<\/p>\n","protected":false},"author":7,"featured_media":0,"parent":8004,"menu_order":0,"comment_status":"closed","ping_status":"closed","template":"","meta":{"_monsterinsights_skip_tracking":false,"_monsterinsights_sitenote_active":false,"_monsterinsights_sitenote_note":"","_monsterinsights_sitenote_category":0,"footnotes":""},"class_list":["post-8947","page","type-page","status-publish","hentry"],"yoast_head":"<!-- This site is optimized with the Yoast SEO plugin v27.4 - https:\/\/yoast.com\/product\/yoast-seo-wordpress\/ -->\n<title>Electrodom\u00e9sticos<\/title>\n<meta name=\"description\" content=\"Amplia gama de rel\u00e9s para electrodom\u00e9sticos dise\u00f1ados para satisfacer todas las necesidades de este sector.\" \/>\n<meta name=\"robots\" content=\"index, follow, max-snippet:-1, max-image-preview:large, max-video-preview:-1\" \/>\n<link rel=\"canonical\" href=\"https:\/\/www.cl-ever.com\/es\/productos\/rele\/electrodomesticos\/\" \/>\n<meta property=\"og:locale\" content=\"es_ES\" \/>\n<meta property=\"og:type\" content=\"article\" \/>\n<meta property=\"og:title\" content=\"Electrodom\u00e9sticos\" \/>\n<meta property=\"og:description\" content=\"Amplia gama de rel\u00e9s para electrodom\u00e9sticos dise\u00f1ados para satisfacer todas las necesidades de este sector.\" \/>\n<meta property=\"og:url\" content=\"https:\/\/www.cl-ever.com\/es\/productos\/rele\/electrodomesticos\/\" \/>\n<meta property=\"og:site_name\" content=\"Clever\" \/>\n<meta property=\"article:modified_time\" content=\"2024-06-25T08:48:59+00:00\" \/>\n<meta name=\"twitter:card\" content=\"summary_large_image\" \/>\n<meta name=\"twitter:label1\" content=\"Tiempo de lectura\" \/>\n\t<meta name=\"twitter:data1\" content=\"1 minuto\" \/>\n<script type=\"application\/ld+json\" class=\"yoast-schema-graph\">{\"@context\":\"https:\\\/\\\/schema.org\",\"@graph\":[{\"@type\":\"WebPage\",\"@id\":\"https:\\\/\\\/www.cl-ever.com\\\/es\\\/productos\\\/rele\\\/electrodomesticos\\\/\",\"url\":\"https:\\\/\\\/www.cl-ever.com\\\/es\\\/productos\\\/rele\\\/electrodomesticos\\\/\",\"name\":\"Electrodom\u00e9sticos\",\"isPartOf\":{\"@id\":\"https:\\\/\\\/www.cl-ever.com\\\/#website\"},\"datePublished\":\"2024-06-25T08:06:34+00:00\",\"dateModified\":\"2024-06-25T08:48:59+00:00\",\"description\":\"Amplia gama de rel\u00e9s para electrodom\u00e9sticos dise\u00f1ados para satisfacer todas las necesidades de este sector.\",\"breadcrumb\":{\"@id\":\"https:\\\/\\\/www.cl-ever.com\\\/es\\\/productos\\\/rele\\\/electrodomesticos\\\/#breadcrumb\"},\"inLanguage\":\"es\",\"potentialAction\":[{\"@type\":\"ReadAction\",\"target\":[\"https:\\\/\\\/www.cl-ever.com\\\/es\\\/productos\\\/rele\\\/electrodomesticos\\\/\"]}]},{\"@type\":\"BreadcrumbList\",\"@id\":\"https:\\\/\\\/www.cl-ever.com\\\/es\\\/productos\\\/rele\\\/electrodomesticos\\\/#breadcrumb\",\"itemListElement\":[{\"@type\":\"ListItem\",\"position\":1,\"name\":\"Home\",\"item\":\"https:\\\/\\\/www.cl-ever.com\\\/es\\\/\"},{\"@type\":\"ListItem\",\"position\":2,\"name\":\"Productos\",\"item\":\"https:\\\/\\\/www.cl-ever.com\\\/productos\\\/\"},{\"@type\":\"ListItem\",\"position\":3,\"name\":\"Rel\u00e9\",\"item\":\"https:\\\/\\\/www.cl-ever.com\\\/es\\\/productos\\\/rele\\\/\"},{\"@type\":\"ListItem\",\"position\":4,\"name\":\"Electrodom\u00e9sticos\"}]},{\"@type\":\"WebSite\",\"@id\":\"https:\\\/\\\/www.cl-ever.com\\\/#website\",\"url\":\"https:\\\/\\\/www.cl-ever.com\\\/\",\"name\":\"Clever\",\"description\":\"Connection &amp; Lightind Ever\",\"potentialAction\":[{\"@type\":\"SearchAction\",\"target\":{\"@type\":\"EntryPoint\",\"urlTemplate\":\"https:\\\/\\\/www.cl-ever.com\\\/?s={search_term_string}\"},\"query-input\":{\"@type\":\"PropertyValueSpecification\",\"valueRequired\":true,\"valueName\":\"search_term_string\"}}],\"inLanguage\":\"es\"}]}<\/script>\n<!-- \/ Yoast SEO plugin. -->","yoast_head_json":{"title":"Electrodom\u00e9sticos","description":"Amplia gama de rel\u00e9s para electrodom\u00e9sticos dise\u00f1ados para satisfacer todas las necesidades de este sector.","robots":{"index":"index","follow":"follow","max-snippet":"max-snippet:-1","max-image-preview":"max-image-preview:large","max-video-preview":"max-video-preview:-1"},"canonical":"https:\/\/www.cl-ever.com\/es\/productos\/rele\/electrodomesticos\/","og_locale":"es_ES","og_type":"article","og_title":"Electrodom\u00e9sticos","og_description":"Amplia gama de rel\u00e9s para electrodom\u00e9sticos dise\u00f1ados para satisfacer todas las necesidades de este sector.","og_url":"https:\/\/www.cl-ever.com\/es\/productos\/rele\/electrodomesticos\/","og_site_name":"Clever","article_modified_time":"2024-06-25T08:48:59+00:00","twitter_card":"summary_large_image","twitter_misc":{"Tiempo de lectura":"1 minuto"},"schema":{"@context":"https:\/\/schema.org","@graph":[{"@type":"WebPage","@id":"https:\/\/www.cl-ever.com\/es\/productos\/rele\/electrodomesticos\/","url":"https:\/\/www.cl-ever.com\/es\/productos\/rele\/electrodomesticos\/","name":"Electrodom\u00e9sticos","isPartOf":{"@id":"https:\/\/www.cl-ever.com\/#website"},"datePublished":"2024-06-25T08:06:34+00:00","dateModified":"2024-06-25T08:48:59+00:00","description":"Amplia gama de rel\u00e9s para electrodom\u00e9sticos dise\u00f1ados para satisfacer todas las necesidades de este sector.","breadcrumb":{"@id":"https:\/\/www.cl-ever.com\/es\/productos\/rele\/electrodomesticos\/#breadcrumb"},"inLanguage":"es","potentialAction":[{"@type":"ReadAction","target":["https:\/\/www.cl-ever.com\/es\/productos\/rele\/electrodomesticos\/"]}]},{"@type":"BreadcrumbList","@id":"https:\/\/www.cl-ever.com\/es\/productos\/rele\/electrodomesticos\/#breadcrumb","itemListElement":[{"@type":"ListItem","position":1,"name":"Home","item":"https:\/\/www.cl-ever.com\/es\/"},{"@type":"ListItem","position":2,"name":"Productos","item":"https:\/\/www.cl-ever.com\/productos\/"},{"@type":"ListItem","position":3,"name":"Rel\u00e9","item":"https:\/\/www.cl-ever.com\/es\/productos\/rele\/"},{"@type":"ListItem","position":4,"name":"Electrodom\u00e9sticos"}]},{"@type":"WebSite","@id":"https:\/\/www.cl-ever.com\/#website","url":"https:\/\/www.cl-ever.com\/","name":"Clever","description":"Connection &amp; Lightind Ever","potentialAction":[{"@type":"SearchAction","target":{"@type":"EntryPoint","urlTemplate":"https:\/\/www.cl-ever.com\/?s={search_term_string}"},"query-input":{"@type":"PropertyValueSpecification","valueRequired":true,"valueName":"search_term_string"}}],"inLanguage":"es"}]}},"_links":{"self":[{"href":"https:\/\/www.cl-ever.com\/es\/wp-json\/wp\/v2\/pages\/8947","targetHints":{"allow":["GET"]}}],"collection":[{"href":"https:\/\/www.cl-ever.com\/es\/wp-json\/wp\/v2\/pages"}],"about":[{"href":"https:\/\/www.cl-ever.com\/es\/wp-json\/wp\/v2\/types\/page"}],"author":[{"embeddable":true,"href":"https:\/\/www.cl-ever.com\/es\/wp-json\/wp\/v2\/users\/7"}],"replies":[{"embeddable":true,"href":"https:\/\/www.cl-ever.com\/es\/wp-json\/wp\/v2\/comments?post=8947"}],"version-history":[{"count":7,"href":"https:\/\/www.cl-ever.com\/es\/wp-json\/wp\/v2\/pages\/8947\/revisions"}],"predecessor-version":[{"id":8987,"href":"https:\/\/www.cl-ever.com\/es\/wp-json\/wp\/v2\/pages\/8947\/revisions\/8987"}],"up":[{"embeddable":true,"href":"https:\/\/www.cl-ever.com\/es\/wp-json\/wp\/v2\/pages\/8004"}],"wp:attachment":[{"href":"https:\/\/www.cl-ever.com\/es\/wp-json\/wp\/v2\/media?parent=8947"}],"curies":[{"name":"wp","href":"https:\/\/api.w.org\/{rel}","templated":true}]}}