{"id":8943,"date":"2024-06-25T10:03:42","date_gmt":"2024-06-25T08:03:42","guid":{"rendered":"https:\/\/www.cl-ever.com\/productos\/rele\/automotive\/"},"modified":"2024-06-25T10:07:26","modified_gmt":"2024-06-25T08:07:26","slug":"automotive","status":"publish","type":"page","link":"https:\/\/www.cl-ever.com\/es\/productos\/rele\/automotive\/","title":{"rendered":"Automoci\u00f3n"},"content":{"rendered":"<div class=\"wpb-content-wrapper\"><p>[vc_row full_width=\u00bbstretch_row\u00bb][vc_column]\n\t\t<section class=\"do-normal-page-title-section\">\n\t\t    <div class=\"container\">\n\t\t        <div class=\"row uppercase\">\n\t\t\n\t\t            <div class=\"do-page-title-wrapper\">\n\t\t            \t<div class=\"do-default-page-title col-md-7 col-sm-7 col-xs-12\">\n\t\t            \t\t<h2>Automoci\u00f3n<\/h2>\n\t\t            \t\t<p>Rel\u00e9<\/p>\n\t\t            \t<\/div>\n\t\t\n\t\t            \t<div class=\"do-breadcumb\"><ul><li><a href=\"https:\/\/www.cl-ever.com\/es\/\" class=\"home-link\" rel=\"home\">Home<\/a><\/li><li><a href=\"https:\/\/www.cl-ever.com\/es\/productos\/\">Productos<\/a><\/li><li><a href=\"https:\/\/www.cl-ever.com\/es\/productos\/rele\/\">Rel\u00e9<\/a><\/li><li class=\"active\"><span>Automoci\u00f3n<\/span><\/li><\/ul><\/div>\n\t\t            <\/div>\n\t\t\n\t\t        <\/div>\n\t\t    <\/div>\n\t\t<\/section>\n\t[\/vc_column][\/vc_row][vc_row full_width=\u00bbstretch_row_content_no_spaces\u00bb][vc_column][vc_single_image image=\u00bb6086&#8243; img_size=\u00bbfull\u00bb alignment=\u00bbcenter\u00bb css_animation=\u00bbappear\u00bb][\/vc_column][\/vc_row][vc_row][vc_column][vc_column_text css_animation=\u00bbleft-to-right\u00bb css=\u00bb.vc_custom_1473343976555{padding-right: 20px !important;padding-left: 20px !important;}\u00bb]<\/p>\n<h1 style=\"text-align: left;\">Rel\u00e9 para Automoci\u00f3n<\/h1>\n<h1 style=\"text-align: left;\">Los rel\u00e9s para uso automotriz, gracias a su versatilidad, se adaptan perfectamente a las continuas y crecientes necesidades de innovaci\u00f3n electr\u00f3nica.<\/h1>\n<h2 style=\"text-align: left;\">Las caracter\u00edsticas principales son:<\/h2>\n<ul>\n<li>Dimensiones reducidas<\/li>\n<li>Alta capacidad de conmutaci\u00f3n (incluso para cargas inductivas)<\/li>\n<li>Rel\u00e9s para circuito impreso y enchufables (plug-in)<\/li>\n<li>Rel\u00e9s simples o dobles<\/li>\n<li>Rel\u00e9s con diodo o resistencia en paralelo a la bobina<\/li>\n<\/ul>\n<h2 style=\"text-align: left;\">Algunas aplicaciones t\u00edpicas son:<\/h2>\n<ul>\n<li>Unidades de control electr\u00f3nico<\/li>\n<li>ventanas el\u00e9ctricas<\/li>\n<li>cerraduras<\/li>\n<li>Espejos el\u00e9ctricos\/calentados<\/li>\n<li>techos corredizos o techos panor\u00e1micos<\/li>\n<li>asientos el\u00e9ctricos<\/li>\n<li>veh\u00edculos el\u00e9ctricos e h\u00edbridos<\/li>\n<\/ul>\n<p>[\/vc_column_text][\/vc_column][\/vc_row][vc_row][vc_column][vc_masonry_media_grid element_width=\u00bb2&#8243; gap=\u00bb0&#8243; item=\u00bbmasonryMedia_ScaleWithRotationLight\u00bb initial_loading_animation=\u00bbfadeIn\u00bb grid_id=\u00bbvc_gid:1476439479778-28b7307a-42f9-9&#8243; include=\u00bb7526,7525,7524&#8243;][\/vc_column][\/vc_row][vc_row][vc_column][vc_images_carousel images=\u00bb5928,5915,5917,5930,5922,6697&#8243; img_size=\u00bbfull\u00bb onclick=\u00bbcustom_link\u00bb speed=\u00bb2000&#8243; slides_per_view=\u00bb5&#8243; autoplay=\u00bbyes\u00bb hide_pagination_control=\u00bbyes\u00bb wrap=\u00bbyes\u00bb title=\u00bbGama de productos para el sector Automoci\u00f3n\u00bb custom_links=\u00bb#E-8_JUEyJURCYiVGRCVDOCVBQnIlRTglQUQlOEElQ0JaJTlBJTk2JUFEJThCJUY2JUFFJUI2JTg5JUE4JUI2JTJCJURFJUZGJUZBayVBMSVEQS0lQjYlMkYlREMlQTJ5JURFJUI2JURBJTJCJThCJUY2JUFFJUI2JTg5JUE4JUI2JTJCJURFJUZGJUZBayVBMSVEQS0lQjYlMkYlRUJ6VyVCRmolRUJoJTlBJThCYiVCRCVFRiVGRiVBNiVCQSUxRCVBMiVEQmIlRkQlRDglQUMlQTZWJUIyJUZEJUFCJUFEJUEyai0lOEElRjclQkYlRkUlOUElRTh2JThCbSU4QiVGOCVBNyVCNSVFQSVFQiVCQSVEQmglQUUlMkYlREElQkElREElMjYlQTIlRDglQUYlN0IlRkYlRTklQUUlODdoJUI2JUQ4JUJGJUIyJTJCLXpoJTlEJThBJTI3JTVFJTlFJUQ4JTlGJTg5JUM2JUIzJThBJTg5JURFJUZEJUFCJUFEJUEyai0lOEElRjclQkY=\u00bb][\/vc_column][\/vc_row]<\/p>\n<\/div>","protected":false},"excerpt":{"rendered":"<p>[vc_row full_width=\u00bbstretch_row\u00bb][vc_column][\/vc_column][\/vc_row][vc_row full_width=\u00bbstretch_row_content_no_spaces\u00bb][vc_column][vc_single_image image=\u00bb6086&#8243; img_size=\u00bbfull\u00bb alignment=\u00bbcenter\u00bb css_animation=\u00bbappear\u00bb][\/vc_column][\/vc_row][vc_row][vc_column][vc_column_text css_animation=\u00bbleft-to-right\u00bb css=\u00bb.vc_custom_1473343976555{padding-right: 20px !important;padding-left: 20px !important;}\u00bb] Rel\u00e9 para Automoci\u00f3n Los rel\u00e9s para uso automotriz,&#8230;<\/p>\n","protected":false},"author":7,"featured_media":0,"parent":8004,"menu_order":0,"comment_status":"closed","ping_status":"closed","template":"","meta":{"_monsterinsights_skip_tracking":false,"_monsterinsights_sitenote_active":false,"_monsterinsights_sitenote_note":"","_monsterinsights_sitenote_category":0,"footnotes":""},"class_list":["post-8943","page","type-page","status-publish","hentry"],"yoast_head":"<!-- This site is optimized with the Yoast SEO plugin v27.5 - https:\/\/yoast.com\/product\/yoast-seo-wordpress\/ -->\n<title>Rel\u00e9 para Automoci\u00f3n<\/title>\n<meta name=\"description\" content=\"Rel\u00e9s para automoci\u00f3n vers\u00e1tiles, adaptables a las continuas y crecientes necesidades de innovaci\u00f3n\" \/>\n<meta name=\"robots\" content=\"index, follow, max-snippet:-1, max-image-preview:large, max-video-preview:-1\" \/>\n<link rel=\"canonical\" href=\"https:\/\/www.cl-ever.com\/es\/productos\/rele\/automotive\/\" \/>\n<meta property=\"og:locale\" content=\"es_ES\" \/>\n<meta property=\"og:type\" content=\"article\" \/>\n<meta property=\"og:title\" content=\"Rel\u00e9 para Automoci\u00f3n\" \/>\n<meta property=\"og:description\" content=\"Rel\u00e9s para automoci\u00f3n vers\u00e1tiles, adaptables a las continuas y crecientes necesidades de innovaci\u00f3n\" \/>\n<meta property=\"og:url\" content=\"https:\/\/www.cl-ever.com\/es\/productos\/rele\/automotive\/\" \/>\n<meta property=\"og:site_name\" content=\"Clever\" \/>\n<meta property=\"article:modified_time\" content=\"2024-06-25T08:07:26+00:00\" \/>\n<meta name=\"twitter:card\" content=\"summary_large_image\" \/>\n<meta name=\"twitter:label1\" content=\"Tiempo de lectura\" \/>\n\t<meta name=\"twitter:data1\" content=\"1 minuto\" \/>\n<script type=\"application\/ld+json\" class=\"yoast-schema-graph\">{\"@context\":\"https:\\\/\\\/schema.org\",\"@graph\":[{\"@type\":\"WebPage\",\"@id\":\"https:\\\/\\\/www.cl-ever.com\\\/es\\\/productos\\\/rele\\\/automotive\\\/\",\"url\":\"https:\\\/\\\/www.cl-ever.com\\\/es\\\/productos\\\/rele\\\/automotive\\\/\",\"name\":\"Rel\u00e9 para Automoci\u00f3n\",\"isPartOf\":{\"@id\":\"https:\\\/\\\/www.cl-ever.com\\\/#website\"},\"datePublished\":\"2024-06-25T08:03:42+00:00\",\"dateModified\":\"2024-06-25T08:07:26+00:00\",\"description\":\"Rel\u00e9s para automoci\u00f3n vers\u00e1tiles, adaptables a las continuas y crecientes necesidades de innovaci\u00f3n\",\"breadcrumb\":{\"@id\":\"https:\\\/\\\/www.cl-ever.com\\\/es\\\/productos\\\/rele\\\/automotive\\\/#breadcrumb\"},\"inLanguage\":\"es\",\"potentialAction\":[{\"@type\":\"ReadAction\",\"target\":[\"https:\\\/\\\/www.cl-ever.com\\\/es\\\/productos\\\/rele\\\/automotive\\\/\"]}]},{\"@type\":\"BreadcrumbList\",\"@id\":\"https:\\\/\\\/www.cl-ever.com\\\/es\\\/productos\\\/rele\\\/automotive\\\/#breadcrumb\",\"itemListElement\":[{\"@type\":\"ListItem\",\"position\":1,\"name\":\"Home\",\"item\":\"https:\\\/\\\/www.cl-ever.com\\\/es\\\/\"},{\"@type\":\"ListItem\",\"position\":2,\"name\":\"Productos\",\"item\":\"https:\\\/\\\/www.cl-ever.com\\\/productos\\\/\"},{\"@type\":\"ListItem\",\"position\":3,\"name\":\"Rel\u00e9\",\"item\":\"https:\\\/\\\/www.cl-ever.com\\\/es\\\/productos\\\/rele\\\/\"},{\"@type\":\"ListItem\",\"position\":4,\"name\":\"Automoci\u00f3n\"}]},{\"@type\":\"WebSite\",\"@id\":\"https:\\\/\\\/www.cl-ever.com\\\/#website\",\"url\":\"https:\\\/\\\/www.cl-ever.com\\\/\",\"name\":\"Clever\",\"description\":\"Connection &amp; Lightind Ever\",\"potentialAction\":[{\"@type\":\"SearchAction\",\"target\":{\"@type\":\"EntryPoint\",\"urlTemplate\":\"https:\\\/\\\/www.cl-ever.com\\\/?s={search_term_string}\"},\"query-input\":{\"@type\":\"PropertyValueSpecification\",\"valueRequired\":true,\"valueName\":\"search_term_string\"}}],\"inLanguage\":\"es\"}]}<\/script>\n<!-- \/ Yoast SEO plugin. -->","yoast_head_json":{"title":"Rel\u00e9 para Automoci\u00f3n","description":"Rel\u00e9s para automoci\u00f3n vers\u00e1tiles, adaptables a las continuas y crecientes necesidades de innovaci\u00f3n","robots":{"index":"index","follow":"follow","max-snippet":"max-snippet:-1","max-image-preview":"max-image-preview:large","max-video-preview":"max-video-preview:-1"},"canonical":"https:\/\/www.cl-ever.com\/es\/productos\/rele\/automotive\/","og_locale":"es_ES","og_type":"article","og_title":"Rel\u00e9 para Automoci\u00f3n","og_description":"Rel\u00e9s para automoci\u00f3n vers\u00e1tiles, adaptables a las continuas y crecientes necesidades de innovaci\u00f3n","og_url":"https:\/\/www.cl-ever.com\/es\/productos\/rele\/automotive\/","og_site_name":"Clever","article_modified_time":"2024-06-25T08:07:26+00:00","twitter_card":"summary_large_image","twitter_misc":{"Tiempo de lectura":"1 minuto"},"schema":{"@context":"https:\/\/schema.org","@graph":[{"@type":"WebPage","@id":"https:\/\/www.cl-ever.com\/es\/productos\/rele\/automotive\/","url":"https:\/\/www.cl-ever.com\/es\/productos\/rele\/automotive\/","name":"Rel\u00e9 para Automoci\u00f3n","isPartOf":{"@id":"https:\/\/www.cl-ever.com\/#website"},"datePublished":"2024-06-25T08:03:42+00:00","dateModified":"2024-06-25T08:07:26+00:00","description":"Rel\u00e9s para automoci\u00f3n vers\u00e1tiles, adaptables a las continuas y crecientes necesidades de innovaci\u00f3n","breadcrumb":{"@id":"https:\/\/www.cl-ever.com\/es\/productos\/rele\/automotive\/#breadcrumb"},"inLanguage":"es","potentialAction":[{"@type":"ReadAction","target":["https:\/\/www.cl-ever.com\/es\/productos\/rele\/automotive\/"]}]},{"@type":"BreadcrumbList","@id":"https:\/\/www.cl-ever.com\/es\/productos\/rele\/automotive\/#breadcrumb","itemListElement":[{"@type":"ListItem","position":1,"name":"Home","item":"https:\/\/www.cl-ever.com\/es\/"},{"@type":"ListItem","position":2,"name":"Productos","item":"https:\/\/www.cl-ever.com\/productos\/"},{"@type":"ListItem","position":3,"name":"Rel\u00e9","item":"https:\/\/www.cl-ever.com\/es\/productos\/rele\/"},{"@type":"ListItem","position":4,"name":"Automoci\u00f3n"}]},{"@type":"WebSite","@id":"https:\/\/www.cl-ever.com\/#website","url":"https:\/\/www.cl-ever.com\/","name":"Clever","description":"Connection &amp; Lightind Ever","potentialAction":[{"@type":"SearchAction","target":{"@type":"EntryPoint","urlTemplate":"https:\/\/www.cl-ever.com\/?s={search_term_string}"},"query-input":{"@type":"PropertyValueSpecification","valueRequired":true,"valueName":"search_term_string"}}],"inLanguage":"es"}]}},"_links":{"self":[{"href":"https:\/\/www.cl-ever.com\/es\/wp-json\/wp\/v2\/pages\/8943","targetHints":{"allow":["GET"]}}],"collection":[{"href":"https:\/\/www.cl-ever.com\/es\/wp-json\/wp\/v2\/pages"}],"about":[{"href":"https:\/\/www.cl-ever.com\/es\/wp-json\/wp\/v2\/types\/page"}],"author":[{"embeddable":true,"href":"https:\/\/www.cl-ever.com\/es\/wp-json\/wp\/v2\/users\/7"}],"replies":[{"embeddable":true,"href":"https:\/\/www.cl-ever.com\/es\/wp-json\/wp\/v2\/comments?post=8943"}],"version-history":[{"count":7,"href":"https:\/\/www.cl-ever.com\/es\/wp-json\/wp\/v2\/pages\/8943\/revisions"}],"predecessor-version":[{"id":8954,"href":"https:\/\/www.cl-ever.com\/es\/wp-json\/wp\/v2\/pages\/8943\/revisions\/8954"}],"up":[{"embeddable":true,"href":"https:\/\/www.cl-ever.com\/es\/wp-json\/wp\/v2\/pages\/8004"}],"wp:attachment":[{"href":"https:\/\/www.cl-ever.com\/es\/wp-json\/wp\/v2\/media?parent=8943"}],"curies":[{"name":"wp","href":"https:\/\/api.w.org\/{rel}","templated":true}]}}