{"id":8051,"date":"2023-03-24T13:04:02","date_gmt":"2023-03-24T12:04:02","guid":{"rendered":"https:\/\/www.cl-ever.com\/productos\/rele\/aeroespacial-naval-militar\/"},"modified":"2023-03-24T13:04:03","modified_gmt":"2023-03-24T12:04:03","slug":"aeroespacial-naval-militar","status":"publish","type":"page","link":"https:\/\/www.cl-ever.com\/es\/productos\/rele\/aeroespacial-naval-militar\/","title":{"rendered":"Aeroespacial, Naval, Militar"},"content":{"rendered":"<div class=\"wpb-content-wrapper\"><p>[vc_row full_width=\u00bbstretch_row\u00bb][vc_column]\n\t\t<section class=\"do-normal-page-title-section\">\n\t\t    <div class=\"container\">\n\t\t        <div class=\"row uppercase\">\n\t\t\n\t\t            <div class=\"do-page-title-wrapper\">\n\t\t            \t<div class=\"do-default-page-title col-md-7 col-sm-7 col-xs-12\">\n\t\t            \t\t<h2>Aeroespacial, Naval, Militar<\/h2>\n\t\t            \t\t<p>Rel\u00e9<\/p>\n\t\t            \t<\/div>\n\t\t\n\t\t            \t<div class=\"do-breadcumb\"><ul><li><a href=\"https:\/\/www.cl-ever.com\/es\/\" class=\"home-link\" rel=\"home\">Home<\/a><\/li><li><a href=\"https:\/\/www.cl-ever.com\/es\/productos\/\">Productos<\/a><\/li><li><a href=\"https:\/\/www.cl-ever.com\/es\/productos\/rele\/\">Rel\u00e9<\/a><\/li><li class=\"active\"><span>Aeroespacial, Naval, Militar<\/span><\/li><\/ul><\/div>\n\t\t            <\/div>\n\t\t\n\t\t        <\/div>\n\t\t    <\/div>\n\t\t<\/section>\n\t[\/vc_column][\/vc_row][vc_row full_width=\u00bbstretch_row_content_no_spaces\u00bb][vc_column][vc_single_image image=\u00bb6076&#8243; img_size=\u00bbfull\u00bb alignment=\u00bbcenter\u00bb css_animation=\u00bbappear\u00bb][\/vc_column][\/vc_row][vc_row][vc_column][vc_column_text css_animation=\u00bbleft-to-right\u00bb css=\u00bb.vc_custom_1473343911229{padding-right: 20px !important;padding-left: 20px !important;}\u00bb]<\/p>\n<h1 style=\"text-align: left;\">Rel\u00e9 para el sector aeroespacial<\/h1>\n<h1 style=\"text-align: left;\">Los rel\u00e9s utilizados en el sector aeroespacial deben ser completamente herm\u00e9ticos y garantizar caracter\u00edsticas como:<\/h1>\n<ul>\n<li>Funcionamiento en ambientes con temperaturas extremas, impactos, vibraciones y altitudes<\/li>\n<li>Funcionamiento en ambientes explosivos<\/li>\n<li>Transmisiones en alta frecuencia<\/li>\n<li>Alto n\u00famero de operaciones (rel\u00e9 en estado s\u00f3lido)<\/li>\n<li>Peso reducido<\/li>\n<\/ul>\n<p>[\/vc_column_text][\/vc_column][\/vc_row][vc_row][vc_column][vc_masonry_media_grid element_width=\u00bb2&#8243; gap=\u00bb0&#8243; item=\u00bbmasonryMedia_ScaleWithRotationLight\u00bb initial_loading_animation=\u00bbfadeIn\u00bb grid_id=\u00bbvc_gid:1476454709186-550d9d2f-d084-4&#8243; include=\u00bb7523&#8243;][\/vc_column][\/vc_row][vc_row][vc_column][vc_images_carousel images=\u00bb5928,5915,5917,5930,5927,5918&#8243; img_size=\u00bbfull\u00bb onclick=\u00bbcustom_link\u00bb speed=\u00bb2000&#8243; slides_per_view=\u00bb5&#8243; autoplay=\u00bbyes\u00bb hide_pagination_control=\u00bbyes\u00bb wrap=\u00bbyes\u00bb title=\u00bbGama de productos para el sector Aeroespacial &#8211; Naval &#8211; Militar\u00bb custom_links=\u00bb#E-8_JUEyJURCYiVGRCVDOCVBQnIlRTglQUQlOEElQ0JaJTlBJTk2JUFEJThCJUY2JTlFJUFFJThCJTI5azglOUElOTUlRTklREElQkQlQTklNUUlOUElMjliJUI1JUFBJURFJUZGJUZBayVBMSVEQS0lQjYlMkYlREMlQTJ5JURFJUI2JURBJTJCJThCJUY2JTlFJUFFJThCJTI5azglOUElOTUlRTklREElQkQlQTklNUUlOUElMjliJUI1JUFBJURFJUZGJUZBayVBMSVEQS0lQjYlMkYlRUJ6VyVCRmklRUElRTglQjIlOTYlQjMlODklQTklNUUlOUQlQUIlREElOTUlRTklQTIlOTYlMkJaJUFEJUVGJUZGJUE2JUJBJTFEJUEyJURCYiVGRCVEOCVBQyVBNlYlQjIlRkQlQTclQUIlQTIlQ0FaJUNFJTI2JUE1enYlQUZqVyVBNiU4QVglQURqJUI3JUJGJUZFJTlBJUU4diU4Qm0lOEIlRkJaJUIyJUQ4JTlFJUFEJUVGJURBeiVCQSUyQyVBNSVBQyVFMmpXJUE3aiVGNiVBNXpoJUE1JThBJUQ2JUFCJTdCJUZGJUU5JUFFJTg3aCVCNiVEOCVCRiVCMiUyQi16aCU5RCU4QSUyNyU1RSU5RSVEOCU5RiU4OSVDNiVCMyU4QSU4OSVERSVGRCVBNyVBQiVBMiVDQVolQ0UlMjYlQTV6diVBRmpXJUE2JThBWCVBRGolQjclQkY=\u00bb][\/vc_column][\/vc_row]<\/p>\n<\/div>","protected":false},"excerpt":{"rendered":"<p>[vc_row full_width=\u00bbstretch_row\u00bb][vc_column][\/vc_column][\/vc_row][vc_row full_width=\u00bbstretch_row_content_no_spaces\u00bb][vc_column][vc_single_image image=\u00bb6076&#8243; img_size=\u00bbfull\u00bb alignment=\u00bbcenter\u00bb css_animation=\u00bbappear\u00bb][\/vc_column][\/vc_row][vc_row][vc_column][vc_column_text css_animation=\u00bbleft-to-right\u00bb css=\u00bb.vc_custom_1473343911229{padding-right: 20px !important;padding-left: 20px !important;}\u00bb] Rel\u00e9 para el sector aeroespacial Los rel\u00e9s utilizados&#8230;<\/p>\n","protected":false},"author":7,"featured_media":0,"parent":8004,"menu_order":0,"comment_status":"closed","ping_status":"closed","template":"","meta":{"_monsterinsights_skip_tracking":false,"_monsterinsights_sitenote_active":false,"_monsterinsights_sitenote_note":"","_monsterinsights_sitenote_category":0,"footnotes":""},"class_list":["post-8051","page","type-page","status-publish","hentry"],"yoast_head":"<!-- This site is optimized with the Yoast SEO plugin v27.5 - https:\/\/yoast.com\/product\/yoast-seo-wordpress\/ -->\n<title>Rel\u00e9s para sectores aeroespacial, naval y militar<\/title>\n<meta name=\"description\" content=\"Rel\u00e9s para los sectores aeroespacial, naval y militar dise\u00f1ados para satisfacer las exigentes demandas de este mercado.\" \/>\n<meta name=\"robots\" content=\"index, follow, max-snippet:-1, max-image-preview:large, max-video-preview:-1\" \/>\n<link rel=\"canonical\" href=\"https:\/\/www.cl-ever.com\/es\/productos\/rele\/aeroespacial-naval-militar\/\" \/>\n<meta property=\"og:locale\" content=\"es_ES\" \/>\n<meta property=\"og:type\" content=\"article\" \/>\n<meta property=\"og:title\" content=\"Rel\u00e9s para sectores aeroespacial, naval y militar\" \/>\n<meta property=\"og:description\" content=\"Rel\u00e9s para los sectores aeroespacial, naval y militar dise\u00f1ados para satisfacer las exigentes demandas de este mercado.\" \/>\n<meta property=\"og:url\" content=\"https:\/\/www.cl-ever.com\/es\/productos\/rele\/aeroespacial-naval-militar\/\" \/>\n<meta property=\"og:site_name\" content=\"Clever\" \/>\n<meta property=\"article:modified_time\" content=\"2023-03-24T12:04:03+00:00\" \/>\n<meta name=\"twitter:card\" content=\"summary_large_image\" \/>\n<meta name=\"twitter:label1\" content=\"Tiempo de lectura\" \/>\n\t<meta name=\"twitter:data1\" content=\"1 minuto\" \/>\n<script type=\"application\/ld+json\" class=\"yoast-schema-graph\">{\"@context\":\"https:\\\/\\\/schema.org\",\"@graph\":[{\"@type\":\"WebPage\",\"@id\":\"https:\\\/\\\/www.cl-ever.com\\\/es\\\/productos\\\/rele\\\/aeroespacial-naval-militar\\\/\",\"url\":\"https:\\\/\\\/www.cl-ever.com\\\/es\\\/productos\\\/rele\\\/aeroespacial-naval-militar\\\/\",\"name\":\"Rel\u00e9s para sectores aeroespacial, naval y militar\",\"isPartOf\":{\"@id\":\"https:\\\/\\\/www.cl-ever.com\\\/#website\"},\"datePublished\":\"2023-03-24T12:04:02+00:00\",\"dateModified\":\"2023-03-24T12:04:03+00:00\",\"description\":\"Rel\u00e9s para los sectores aeroespacial, naval y militar dise\u00f1ados para satisfacer las exigentes demandas de este mercado.\",\"breadcrumb\":{\"@id\":\"https:\\\/\\\/www.cl-ever.com\\\/es\\\/productos\\\/rele\\\/aeroespacial-naval-militar\\\/#breadcrumb\"},\"inLanguage\":\"es\",\"potentialAction\":[{\"@type\":\"ReadAction\",\"target\":[\"https:\\\/\\\/www.cl-ever.com\\\/es\\\/productos\\\/rele\\\/aeroespacial-naval-militar\\\/\"]}]},{\"@type\":\"BreadcrumbList\",\"@id\":\"https:\\\/\\\/www.cl-ever.com\\\/es\\\/productos\\\/rele\\\/aeroespacial-naval-militar\\\/#breadcrumb\",\"itemListElement\":[{\"@type\":\"ListItem\",\"position\":1,\"name\":\"Home\",\"item\":\"https:\\\/\\\/www.cl-ever.com\\\/es\\\/\"},{\"@type\":\"ListItem\",\"position\":2,\"name\":\"Productos\",\"item\":\"https:\\\/\\\/www.cl-ever.com\\\/productos\\\/\"},{\"@type\":\"ListItem\",\"position\":3,\"name\":\"Rel\u00e9\",\"item\":\"https:\\\/\\\/www.cl-ever.com\\\/es\\\/productos\\\/rele\\\/\"},{\"@type\":\"ListItem\",\"position\":4,\"name\":\"Aeroespacial, Naval, Militar\"}]},{\"@type\":\"WebSite\",\"@id\":\"https:\\\/\\\/www.cl-ever.com\\\/#website\",\"url\":\"https:\\\/\\\/www.cl-ever.com\\\/\",\"name\":\"Clever\",\"description\":\"Connection &amp; Lightind Ever\",\"potentialAction\":[{\"@type\":\"SearchAction\",\"target\":{\"@type\":\"EntryPoint\",\"urlTemplate\":\"https:\\\/\\\/www.cl-ever.com\\\/?s={search_term_string}\"},\"query-input\":{\"@type\":\"PropertyValueSpecification\",\"valueRequired\":true,\"valueName\":\"search_term_string\"}}],\"inLanguage\":\"es\"}]}<\/script>\n<!-- \/ Yoast SEO plugin. -->","yoast_head_json":{"title":"Rel\u00e9s para sectores aeroespacial, naval y militar","description":"Rel\u00e9s para los sectores aeroespacial, naval y militar dise\u00f1ados para satisfacer las exigentes demandas de este mercado.","robots":{"index":"index","follow":"follow","max-snippet":"max-snippet:-1","max-image-preview":"max-image-preview:large","max-video-preview":"max-video-preview:-1"},"canonical":"https:\/\/www.cl-ever.com\/es\/productos\/rele\/aeroespacial-naval-militar\/","og_locale":"es_ES","og_type":"article","og_title":"Rel\u00e9s para sectores aeroespacial, naval y militar","og_description":"Rel\u00e9s para los sectores aeroespacial, naval y militar dise\u00f1ados para satisfacer las exigentes demandas de este mercado.","og_url":"https:\/\/www.cl-ever.com\/es\/productos\/rele\/aeroespacial-naval-militar\/","og_site_name":"Clever","article_modified_time":"2023-03-24T12:04:03+00:00","twitter_card":"summary_large_image","twitter_misc":{"Tiempo de lectura":"1 minuto"},"schema":{"@context":"https:\/\/schema.org","@graph":[{"@type":"WebPage","@id":"https:\/\/www.cl-ever.com\/es\/productos\/rele\/aeroespacial-naval-militar\/","url":"https:\/\/www.cl-ever.com\/es\/productos\/rele\/aeroespacial-naval-militar\/","name":"Rel\u00e9s para sectores aeroespacial, naval y militar","isPartOf":{"@id":"https:\/\/www.cl-ever.com\/#website"},"datePublished":"2023-03-24T12:04:02+00:00","dateModified":"2023-03-24T12:04:03+00:00","description":"Rel\u00e9s para los sectores aeroespacial, naval y militar dise\u00f1ados para satisfacer las exigentes demandas de este mercado.","breadcrumb":{"@id":"https:\/\/www.cl-ever.com\/es\/productos\/rele\/aeroespacial-naval-militar\/#breadcrumb"},"inLanguage":"es","potentialAction":[{"@type":"ReadAction","target":["https:\/\/www.cl-ever.com\/es\/productos\/rele\/aeroespacial-naval-militar\/"]}]},{"@type":"BreadcrumbList","@id":"https:\/\/www.cl-ever.com\/es\/productos\/rele\/aeroespacial-naval-militar\/#breadcrumb","itemListElement":[{"@type":"ListItem","position":1,"name":"Home","item":"https:\/\/www.cl-ever.com\/es\/"},{"@type":"ListItem","position":2,"name":"Productos","item":"https:\/\/www.cl-ever.com\/productos\/"},{"@type":"ListItem","position":3,"name":"Rel\u00e9","item":"https:\/\/www.cl-ever.com\/es\/productos\/rele\/"},{"@type":"ListItem","position":4,"name":"Aeroespacial, Naval, Militar"}]},{"@type":"WebSite","@id":"https:\/\/www.cl-ever.com\/#website","url":"https:\/\/www.cl-ever.com\/","name":"Clever","description":"Connection &amp; Lightind Ever","potentialAction":[{"@type":"SearchAction","target":{"@type":"EntryPoint","urlTemplate":"https:\/\/www.cl-ever.com\/?s={search_term_string}"},"query-input":{"@type":"PropertyValueSpecification","valueRequired":true,"valueName":"search_term_string"}}],"inLanguage":"es"}]}},"_links":{"self":[{"href":"https:\/\/www.cl-ever.com\/es\/wp-json\/wp\/v2\/pages\/8051","targetHints":{"allow":["GET"]}}],"collection":[{"href":"https:\/\/www.cl-ever.com\/es\/wp-json\/wp\/v2\/pages"}],"about":[{"href":"https:\/\/www.cl-ever.com\/es\/wp-json\/wp\/v2\/types\/page"}],"author":[{"embeddable":true,"href":"https:\/\/www.cl-ever.com\/es\/wp-json\/wp\/v2\/users\/7"}],"replies":[{"embeddable":true,"href":"https:\/\/www.cl-ever.com\/es\/wp-json\/wp\/v2\/comments?post=8051"}],"version-history":[{"count":3,"href":"https:\/\/www.cl-ever.com\/es\/wp-json\/wp\/v2\/pages\/8051\/revisions"}],"predecessor-version":[{"id":8054,"href":"https:\/\/www.cl-ever.com\/es\/wp-json\/wp\/v2\/pages\/8051\/revisions\/8054"}],"up":[{"embeddable":true,"href":"https:\/\/www.cl-ever.com\/es\/wp-json\/wp\/v2\/pages\/8004"}],"wp:attachment":[{"href":"https:\/\/www.cl-ever.com\/es\/wp-json\/wp\/v2\/media?parent=8051"}],"curies":[{"name":"wp","href":"https:\/\/api.w.org\/{rel}","templated":true}]}}