{"id":7963,"date":"2023-01-16T15:14:24","date_gmt":"2023-01-16T14:14:24","guid":{"rendered":"https:\/\/www.cl-ever.com\/productos\/conectores\/telecomunicaciones\/"},"modified":"2023-01-16T15:14:24","modified_gmt":"2023-01-16T14:14:24","slug":"telecomunicaciones","status":"publish","type":"page","link":"https:\/\/www.cl-ever.com\/es\/productos\/conectores\/telecomunicaciones\/","title":{"rendered":"Telecomunicaciones"},"content":{"rendered":"<div class=\"wpb-content-wrapper\"><p>[vc_row full_width=\u00bbstretch_row\u00bb][vc_column]\n\t\t<section class=\"do-normal-page-title-section\">\n\t\t    <div class=\"container\">\n\t\t        <div class=\"row uppercase\">\n\t\t\n\t\t            <div class=\"do-page-title-wrapper\">\n\t\t            \t<div class=\"do-default-page-title col-md-7 col-sm-7 col-xs-12\">\n\t\t            \t\t<h2>Telecomunicaciones<\/h2>\n\t\t            \t\t<p>Conectores<\/p>\n\t\t            \t<\/div>\n\t\t\n\t\t            \t<div class=\"do-breadcumb\"><ul><li><a href=\"https:\/\/www.cl-ever.com\/es\/\" class=\"home-link\" rel=\"home\">Home<\/a><\/li><li><a href=\"https:\/\/www.cl-ever.com\/es\/productos\/\">Productos<\/a><\/li><li><a href=\"https:\/\/www.cl-ever.com\/es\/productos\/conectores\/\">Conectores<\/a><\/li><li class=\"active\"><span>Telecomunicaciones<\/span><\/li><\/ul><\/div>\n\t\t            <\/div>\n\t\t\n\t\t        <\/div>\n\t\t    <\/div>\n\t\t<\/section>\n\t[\/vc_column][\/vc_row][vc_row full_width=\u00bbstretch_row_content_no_spaces\u00bb][vc_column][vc_single_image image=\u00bb6078&#8243; img_size=\u00bbfull\u00bb alignment=\u00bbcenter\u00bb css_animation=\u00bbappear\u00bb][\/vc_column][\/vc_row][vc_row][vc_column][vc_column_text css_animation=\u00bbleft-to-right\u00bb]<\/p>\n<h1 style=\"text-align: left;\">Los conectores que com\u00fanmente se aplican en los equipos de telecomunicaciones son:<\/h1>\n<h2 style=\"text-align: left;\">unidades de control y gabinetes para transmisi\u00f3n de datos, antenas (interior &#8211; exterior), tel\u00e9fonos m\u00f3viles y smartphones, controles remotos, radiofrecuencias.<\/h2>\n<p>Las caracter\u00edsticas exigidas a los conectores utilizados en este sector son: miniaturizaci\u00f3n, soluciones mixtas el\u00e9ctrico\/coaxial, protecci\u00f3n frente a agentes externos, robustez y fiabilidad para asegurar m\u00faltiples ciclos de acoplamiento, tecnolog\u00eda de montaje THT\/SMT\/press-fit, aislamiento frente a perturbaciones electromagn\u00e9ticas.[\/vc_column_text][\/vc_column][\/vc_row][vc_row][vc_column][vc_masonry_media_grid element_width=\u00bb2&#8243; gap=\u00bb0&#8243; item=\u00bbmasonryMedia_ScaleWithRotationLight\u00bb initial_loading_animation=\u00bbfadeIn\u00bb grid_id=\u00bbvc_gid:1476725664060-987c6c3e-5b7f-2&#8243; include=\u00bb6195,6197,6199,6200,6201,6202&#8243;][\/vc_column][\/vc_row][vc_row][vc_column][vc_images_carousel images=\u00bb5915,5917,5928&#8243; img_size=\u00bbfull\u00bb onclick=\u00bbcustom_link\u00bb speed=\u00bb2000&#8243; slides_per_view=\u00bb5&#8243; autoplay=\u00bbyes\u00bb hide_pagination_control=\u00bbyes\u00bb wrap=\u00bbyes\u00bb title=\u00bbGama de productos para el sector de las Telecomunicaciones\u00bb custom_links=\u00bb#E-8_JUEyJURCYiVGRCVDQSUyNyU5RCVFQm0lQTIlQjglQkYlQjUlRTklNUVyJTg5JUFFJTlFJTI3JTFBJUNFJTJBJTI3JThCJUZGJUU5JUFFJTg3aCVCNiVEOCVCRiVBRCVFOSU1RSVGRSVENyVBNXklQ0ElMjYlQkF4JTlDazglQTglOUUlMkYlRkYlQTYlQkElMUQlQTIlREJiJUZEJUM4JUFCciVFOCVBRCU4QSVDQlolOUElOTYlQUQlOEIlRkIlNUUlOTUlRTclMjglOUElRTklRTJxJUFDJUUyJUEyeCVCRg==\u00bb][\/vc_column][\/vc_row]<\/p>\n<\/div>","protected":false},"excerpt":{"rendered":"<p>[vc_row full_width=\u00bbstretch_row\u00bb][vc_column][\/vc_column][\/vc_row][vc_row full_width=\u00bbstretch_row_content_no_spaces\u00bb][vc_column][vc_single_image image=\u00bb6078&#8243; img_size=\u00bbfull\u00bb alignment=\u00bbcenter\u00bb css_animation=\u00bbappear\u00bb][\/vc_column][\/vc_row][vc_row][vc_column][vc_column_text css_animation=\u00bbleft-to-right\u00bb] Los conectores que com\u00fanmente se aplican en los equipos de telecomunicaciones son: unidades&#8230;<\/p>\n","protected":false},"author":7,"featured_media":0,"parent":7919,"menu_order":0,"comment_status":"closed","ping_status":"closed","template":"","meta":{"_monsterinsights_skip_tracking":false,"_monsterinsights_sitenote_active":false,"_monsterinsights_sitenote_note":"","_monsterinsights_sitenote_category":0,"footnotes":""},"class_list":["post-7963","page","type-page","status-publish","hentry"],"yoast_head":"<!-- This site is optimized with the Yoast SEO plugin v27.5 - https:\/\/yoast.com\/product\/yoast-seo-wordpress\/ -->\n<title>Conectores para Telecomunicaciones<\/title>\n<meta name=\"description\" content=\"Conectores para telecomunicaciones con caracter\u00edsticas como: miniaturizaci\u00f3n, soluciones mixtas el\u00e9ctrico\/coaxial, protecci\u00f3n frente a agentes externos, etc.\" \/>\n<meta name=\"robots\" content=\"index, follow, max-snippet:-1, max-image-preview:large, max-video-preview:-1\" \/>\n<link rel=\"canonical\" href=\"https:\/\/www.cl-ever.com\/es\/productos\/conectores\/telecomunicaciones\/\" \/>\n<meta property=\"og:locale\" content=\"es_ES\" \/>\n<meta property=\"og:type\" content=\"article\" \/>\n<meta property=\"og:title\" content=\"Conectores para Telecomunicaciones\" \/>\n<meta property=\"og:description\" content=\"Conectores para telecomunicaciones con caracter\u00edsticas como: miniaturizaci\u00f3n, soluciones mixtas el\u00e9ctrico\/coaxial, protecci\u00f3n frente a agentes externos, etc.\" \/>\n<meta property=\"og:url\" content=\"https:\/\/www.cl-ever.com\/es\/productos\/conectores\/telecomunicaciones\/\" \/>\n<meta property=\"og:site_name\" content=\"Clever\" \/>\n<meta name=\"twitter:card\" content=\"summary_large_image\" \/>\n<meta name=\"twitter:label1\" content=\"Tiempo de lectura\" \/>\n\t<meta name=\"twitter:data1\" content=\"1 minuto\" \/>\n<script type=\"application\/ld+json\" class=\"yoast-schema-graph\">{\"@context\":\"https:\\\/\\\/schema.org\",\"@graph\":[{\"@type\":\"WebPage\",\"@id\":\"https:\\\/\\\/www.cl-ever.com\\\/es\\\/productos\\\/conectores\\\/telecomunicaciones\\\/\",\"url\":\"https:\\\/\\\/www.cl-ever.com\\\/es\\\/productos\\\/conectores\\\/telecomunicaciones\\\/\",\"name\":\"Conectores para Telecomunicaciones\",\"isPartOf\":{\"@id\":\"https:\\\/\\\/www.cl-ever.com\\\/#website\"},\"datePublished\":\"2023-01-16T14:14:24+00:00\",\"description\":\"Conectores para telecomunicaciones con caracter\u00edsticas como: miniaturizaci\u00f3n, soluciones mixtas el\u00e9ctrico\\\/coaxial, protecci\u00f3n frente a agentes externos, etc.\",\"breadcrumb\":{\"@id\":\"https:\\\/\\\/www.cl-ever.com\\\/es\\\/productos\\\/conectores\\\/telecomunicaciones\\\/#breadcrumb\"},\"inLanguage\":\"es\",\"potentialAction\":[{\"@type\":\"ReadAction\",\"target\":[\"https:\\\/\\\/www.cl-ever.com\\\/es\\\/productos\\\/conectores\\\/telecomunicaciones\\\/\"]}]},{\"@type\":\"BreadcrumbList\",\"@id\":\"https:\\\/\\\/www.cl-ever.com\\\/es\\\/productos\\\/conectores\\\/telecomunicaciones\\\/#breadcrumb\",\"itemListElement\":[{\"@type\":\"ListItem\",\"position\":1,\"name\":\"Home\",\"item\":\"https:\\\/\\\/www.cl-ever.com\\\/es\\\/\"},{\"@type\":\"ListItem\",\"position\":2,\"name\":\"Productos\",\"item\":\"https:\\\/\\\/www.cl-ever.com\\\/productos\\\/\"},{\"@type\":\"ListItem\",\"position\":3,\"name\":\"Conectores\",\"item\":\"https:\\\/\\\/www.cl-ever.com\\\/es\\\/productos\\\/conectores\\\/\"},{\"@type\":\"ListItem\",\"position\":4,\"name\":\"Telecomunicaciones\"}]},{\"@type\":\"WebSite\",\"@id\":\"https:\\\/\\\/www.cl-ever.com\\\/#website\",\"url\":\"https:\\\/\\\/www.cl-ever.com\\\/\",\"name\":\"Clever\",\"description\":\"Connection &amp; Lightind Ever\",\"potentialAction\":[{\"@type\":\"SearchAction\",\"target\":{\"@type\":\"EntryPoint\",\"urlTemplate\":\"https:\\\/\\\/www.cl-ever.com\\\/?s={search_term_string}\"},\"query-input\":{\"@type\":\"PropertyValueSpecification\",\"valueRequired\":true,\"valueName\":\"search_term_string\"}}],\"inLanguage\":\"es\"}]}<\/script>\n<!-- \/ Yoast SEO plugin. -->","yoast_head_json":{"title":"Conectores para Telecomunicaciones","description":"Conectores para telecomunicaciones con caracter\u00edsticas como: miniaturizaci\u00f3n, soluciones mixtas el\u00e9ctrico\/coaxial, protecci\u00f3n frente a agentes externos, etc.","robots":{"index":"index","follow":"follow","max-snippet":"max-snippet:-1","max-image-preview":"max-image-preview:large","max-video-preview":"max-video-preview:-1"},"canonical":"https:\/\/www.cl-ever.com\/es\/productos\/conectores\/telecomunicaciones\/","og_locale":"es_ES","og_type":"article","og_title":"Conectores para Telecomunicaciones","og_description":"Conectores para telecomunicaciones con caracter\u00edsticas como: miniaturizaci\u00f3n, soluciones mixtas el\u00e9ctrico\/coaxial, protecci\u00f3n frente a agentes externos, etc.","og_url":"https:\/\/www.cl-ever.com\/es\/productos\/conectores\/telecomunicaciones\/","og_site_name":"Clever","twitter_card":"summary_large_image","twitter_misc":{"Tiempo de lectura":"1 minuto"},"schema":{"@context":"https:\/\/schema.org","@graph":[{"@type":"WebPage","@id":"https:\/\/www.cl-ever.com\/es\/productos\/conectores\/telecomunicaciones\/","url":"https:\/\/www.cl-ever.com\/es\/productos\/conectores\/telecomunicaciones\/","name":"Conectores para Telecomunicaciones","isPartOf":{"@id":"https:\/\/www.cl-ever.com\/#website"},"datePublished":"2023-01-16T14:14:24+00:00","description":"Conectores para telecomunicaciones con caracter\u00edsticas como: miniaturizaci\u00f3n, soluciones mixtas el\u00e9ctrico\/coaxial, protecci\u00f3n frente a agentes externos, etc.","breadcrumb":{"@id":"https:\/\/www.cl-ever.com\/es\/productos\/conectores\/telecomunicaciones\/#breadcrumb"},"inLanguage":"es","potentialAction":[{"@type":"ReadAction","target":["https:\/\/www.cl-ever.com\/es\/productos\/conectores\/telecomunicaciones\/"]}]},{"@type":"BreadcrumbList","@id":"https:\/\/www.cl-ever.com\/es\/productos\/conectores\/telecomunicaciones\/#breadcrumb","itemListElement":[{"@type":"ListItem","position":1,"name":"Home","item":"https:\/\/www.cl-ever.com\/es\/"},{"@type":"ListItem","position":2,"name":"Productos","item":"https:\/\/www.cl-ever.com\/productos\/"},{"@type":"ListItem","position":3,"name":"Conectores","item":"https:\/\/www.cl-ever.com\/es\/productos\/conectores\/"},{"@type":"ListItem","position":4,"name":"Telecomunicaciones"}]},{"@type":"WebSite","@id":"https:\/\/www.cl-ever.com\/#website","url":"https:\/\/www.cl-ever.com\/","name":"Clever","description":"Connection &amp; Lightind Ever","potentialAction":[{"@type":"SearchAction","target":{"@type":"EntryPoint","urlTemplate":"https:\/\/www.cl-ever.com\/?s={search_term_string}"},"query-input":{"@type":"PropertyValueSpecification","valueRequired":true,"valueName":"search_term_string"}}],"inLanguage":"es"}]}},"_links":{"self":[{"href":"https:\/\/www.cl-ever.com\/es\/wp-json\/wp\/v2\/pages\/7963","targetHints":{"allow":["GET"]}}],"collection":[{"href":"https:\/\/www.cl-ever.com\/es\/wp-json\/wp\/v2\/pages"}],"about":[{"href":"https:\/\/www.cl-ever.com\/es\/wp-json\/wp\/v2\/types\/page"}],"author":[{"embeddable":true,"href":"https:\/\/www.cl-ever.com\/es\/wp-json\/wp\/v2\/users\/7"}],"replies":[{"embeddable":true,"href":"https:\/\/www.cl-ever.com\/es\/wp-json\/wp\/v2\/comments?post=7963"}],"version-history":[{"count":3,"href":"https:\/\/www.cl-ever.com\/es\/wp-json\/wp\/v2\/pages\/7963\/revisions"}],"predecessor-version":[{"id":7966,"href":"https:\/\/www.cl-ever.com\/es\/wp-json\/wp\/v2\/pages\/7963\/revisions\/7966"}],"up":[{"embeddable":true,"href":"https:\/\/www.cl-ever.com\/es\/wp-json\/wp\/v2\/pages\/7919"}],"wp:attachment":[{"href":"https:\/\/www.cl-ever.com\/es\/wp-json\/wp\/v2\/media?parent=7963"}],"curies":[{"name":"wp","href":"https:\/\/api.w.org\/{rel}","templated":true}]}}