{"id":7955,"date":"2023-01-16T15:06:52","date_gmt":"2023-01-16T14:06:52","guid":{"rendered":"https:\/\/www.cl-ever.com\/productos\/conectores\/industriales-instrumentacion\/"},"modified":"2023-01-16T15:06:52","modified_gmt":"2023-01-16T14:06:52","slug":"industriales-instrumentacion","status":"publish","type":"page","link":"https:\/\/www.cl-ever.com\/es\/productos\/conectores\/industriales-instrumentacion\/","title":{"rendered":"Industriales &#8211; Instrumentaci\u00f3n"},"content":{"rendered":"<div class=\"wpb-content-wrapper\"><p>[vc_row full_width=\u00bbstretch_row\u00bb][vc_column]\n\t\t<section class=\"do-normal-page-title-section\">\n\t\t    <div class=\"container\">\n\t\t        <div class=\"row uppercase\">\n\t\t\n\t\t            <div class=\"do-page-title-wrapper\">\n\t\t            \t<div class=\"do-default-page-title col-md-7 col-sm-7 col-xs-12\">\n\t\t            \t\t<h2>Industrial e Instrumentaci\u00f3n<\/h2>\n\t\t            \t\t<p>Conectores<\/p>\n\t\t            \t<\/div>\n\t\t\n\t\t            \t<div class=\"do-breadcumb\"><ul><li><a href=\"https:\/\/www.cl-ever.com\/es\/\" class=\"home-link\" rel=\"home\">Home<\/a><\/li><li><a href=\"https:\/\/www.cl-ever.com\/es\/productos\/\">Productos<\/a><\/li><li><a href=\"https:\/\/www.cl-ever.com\/es\/productos\/conectores\/\">Conectores<\/a><\/li><li class=\"active\"><span>Industriales &#8211; Instrumentaci\u00f3n<\/span><\/li><\/ul><\/div>\n\t\t            <\/div>\n\t\t\n\t\t        <\/div>\n\t\t    <\/div>\n\t\t<\/section>\n\t[\/vc_column][\/vc_row][vc_row full_width=\u00bbstretch_row_content_no_spaces\u00bb][vc_column][vc_single_image image=\u00bb6080&#8243; img_size=\u00bbfull\u00bb alignment=\u00bbcenter\u00bb css_animation=\u00bbappear\u00bb][\/vc_column][\/vc_row][vc_row][vc_column][vc_column_text css_animation=\u00bbleft-to-right\u00bb css=\u00bb.vc_custom_1563441780765{padding-right: 20px !important;padding-left: 20px !important;}\u00bb]<\/p>\n<h1 style=\"text-align: left;\">Existen algunos tipos de conectores industriales que son ideales para los fabricantes de equipos el\u00e9ctricos auxiliares como:<\/h1>\n<h2 style=\"text-align: left;\">motores, bombas, automatizaci\u00f3n de procesos, equipos y sistemas en los que est\u00e1n presentes gases inflamables, nieblas\/vapores o polvos combustibles.<\/h2>\n<p>Los <strong>conectores<\/strong> para el sector <strong>industrial<\/strong>, con cuerpos met\u00e1licos o pl\u00e1sticos, est\u00e1n dise\u00f1ados para satisfacer las necesidades de ambientes que requieren ciertas caracter\u00edsticas como resistencia a la corrosi\u00f3n, alta presi\u00f3n o para aplicaciones donde se debe evitar la entrada de polvo\/agua (impermeables) y donde la facilidad de conexi\u00f3n, espacio y la est\u00e9tica son atributos importantes.[\/vc_column_text][\/vc_column][\/vc_row][vc_row][vc_column][vc_masonry_media_grid element_width=\u00bb2&#8243; gap=\u00bb0&#8243; item=\u00bbmasonryMedia_ScaleWithRotationLight\u00bb initial_loading_animation=\u00bbfadeIn\u00bb grid_id=\u00bbvc_gid:1563441642560-2c410cf1-a6fe-2&#8243; include=\u00bb6187,6188,6189,6190,6182,6185&#8243;][\/vc_column][\/vc_row][vc_row][vc_column][vc_images_carousel images=\u00bb5915,5917,5930,5922,5924,5927,5928&#8243; img_size=\u00bbfull\u00bb onclick=\u00bbcustom_link\u00bb speed=\u00bb2000&#8243; slides_per_view=\u00bb5&#8243; autoplay=\u00bbyes\u00bb hide_pagination_control=\u00bbyes\u00bb wrap=\u00bbyes\u00bb title=\u00bbGama de productos para el sector Industrial y de Instrumentaci\u00f3n\u00bb custom_links=\u00bb#E-8_JUEyJURCYiVGRCVDQSUyNyU5RCVFQm0lQTIlQjglQkYlOEF3biVCMiVEQSVFMmpXJUFDJUI2JUJCJUE2eiU3QlolQ0UlMkElMjclN0IlRkYlRTklQUUlODdoJUI2JUQ4JUJGJUFEJUU5JTVFJUZFJTI5JUREJUJBJUNCayU4OSVBOSU1RSVCMiVEQSVFRSU5OSVFOSVFRGs4JUE4JTlEJUVGJUZGJUE2JUJBJTFEJUEyJURCYiVGRCVEOCVBQyVBNlYlQjIlRkUlMjklREQlQkElQ0JrJTg5JUE5JTVFJUIyJURBJUVFJTk5JUU5JUVEazglQTglOUQlRUYlRkYlQTYlQkElMUQlQTIlREJiJUZFJTI5JUVEeiVCQSVFRSVCNiVEQSUyQiU4QiVGOCVBN3YlRUItJUFFJTI2JUE1eiVDQmslQkFnJUE3JUI1JUFDJUUyJUEydyVCRiVGRSU5QSVFOHYlOEJtJThCJUZCa2olQzclRTglQUVmJUFEJUEyJUI4JUJGJThBd24lQjIlREElRTJqVyVBQyVCNiVCQiVBNnolN0JaJUNFJTJBJTI3JTdCJUZGJUU5JUFFJTg3aCVCNiVEOCVCRiVCNSVBQi0lODklRUElREUlRkUlMjklREQlQkElQ0JrJTg5JUE5JTVFJUIyJURBJUVFJTk5JUU5JUVEazglQTglOUQlRUYlRkYlQTYlQkElMUQlQTIlREJiJUZEJUM4JUFCciVFOCVBRCU4QSVDQlolOUElOTYlQUQlOEIlRjglQTd2JUVCLSVBRSUyNiVBNXolQ0JrJUJBZyVBNyVCNSVBQyVFMiVBMnclQkY=\u00bb][\/vc_column][\/vc_row]<\/p>\n<\/div>","protected":false},"excerpt":{"rendered":"<p>[vc_row full_width=\u00bbstretch_row\u00bb][vc_column][\/vc_column][\/vc_row][vc_row full_width=\u00bbstretch_row_content_no_spaces\u00bb][vc_column][vc_single_image image=\u00bb6080&#8243; img_size=\u00bbfull\u00bb alignment=\u00bbcenter\u00bb css_animation=\u00bbappear\u00bb][\/vc_column][\/vc_row][vc_row][vc_column][vc_column_text css_animation=\u00bbleft-to-right\u00bb css=\u00bb.vc_custom_1563441780765{padding-right: 20px !important;padding-left: 20px !important;}\u00bb] Existen algunos tipos de conectores industriales que son&#8230;<\/p>\n","protected":false},"author":7,"featured_media":0,"parent":7919,"menu_order":0,"comment_status":"closed","ping_status":"closed","template":"","meta":{"_monsterinsights_skip_tracking":false,"_monsterinsights_sitenote_active":false,"_monsterinsights_sitenote_note":"","_monsterinsights_sitenote_category":0,"footnotes":""},"class_list":["post-7955","page","type-page","status-publish","hentry"],"yoast_head":"<!-- This site is optimized with the Yoast SEO plugin v27.4 - https:\/\/yoast.com\/product\/yoast-seo-wordpress\/ -->\n<title>Conectores industriales y de instrumentaci\u00f3n - Clever<\/title>\n<meta name=\"description\" content=\"Conectores dise\u00f1ados para cubrir las necesidades de ambientes que requieren caracter\u00edsticas espec\u00edficas en el sector industrial.\" \/>\n<meta name=\"robots\" content=\"index, follow, max-snippet:-1, max-image-preview:large, max-video-preview:-1\" \/>\n<link rel=\"canonical\" href=\"https:\/\/www.cl-ever.com\/es\/productos\/conectores\/industriales-instrumentacion\/\" \/>\n<meta property=\"og:locale\" content=\"es_ES\" \/>\n<meta property=\"og:type\" content=\"article\" \/>\n<meta property=\"og:title\" content=\"Conectores industriales y de instrumentaci\u00f3n - Clever\" \/>\n<meta property=\"og:description\" content=\"Conectores dise\u00f1ados para cubrir las necesidades de ambientes que requieren caracter\u00edsticas espec\u00edficas en el sector industrial.\" \/>\n<meta property=\"og:url\" content=\"https:\/\/www.cl-ever.com\/es\/productos\/conectores\/industriales-instrumentacion\/\" \/>\n<meta property=\"og:site_name\" content=\"Clever\" \/>\n<meta name=\"twitter:card\" content=\"summary_large_image\" \/>\n<meta name=\"twitter:label1\" content=\"Tiempo de lectura\" \/>\n\t<meta name=\"twitter:data1\" content=\"2 minutos\" \/>\n<script type=\"application\/ld+json\" class=\"yoast-schema-graph\">{\"@context\":\"https:\\\/\\\/schema.org\",\"@graph\":[{\"@type\":\"WebPage\",\"@id\":\"https:\\\/\\\/www.cl-ever.com\\\/es\\\/productos\\\/conectores\\\/industriales-instrumentacion\\\/\",\"url\":\"https:\\\/\\\/www.cl-ever.com\\\/es\\\/productos\\\/conectores\\\/industriales-instrumentacion\\\/\",\"name\":\"Conectores industriales y de instrumentaci\u00f3n - Clever\",\"isPartOf\":{\"@id\":\"https:\\\/\\\/www.cl-ever.com\\\/#website\"},\"datePublished\":\"2023-01-16T14:06:52+00:00\",\"description\":\"Conectores dise\u00f1ados para cubrir las necesidades de ambientes que requieren caracter\u00edsticas espec\u00edficas en el sector industrial.\",\"breadcrumb\":{\"@id\":\"https:\\\/\\\/www.cl-ever.com\\\/es\\\/productos\\\/conectores\\\/industriales-instrumentacion\\\/#breadcrumb\"},\"inLanguage\":\"es\",\"potentialAction\":[{\"@type\":\"ReadAction\",\"target\":[\"https:\\\/\\\/www.cl-ever.com\\\/es\\\/productos\\\/conectores\\\/industriales-instrumentacion\\\/\"]}]},{\"@type\":\"BreadcrumbList\",\"@id\":\"https:\\\/\\\/www.cl-ever.com\\\/es\\\/productos\\\/conectores\\\/industriales-instrumentacion\\\/#breadcrumb\",\"itemListElement\":[{\"@type\":\"ListItem\",\"position\":1,\"name\":\"Home\",\"item\":\"https:\\\/\\\/www.cl-ever.com\\\/es\\\/\"},{\"@type\":\"ListItem\",\"position\":2,\"name\":\"Productos\",\"item\":\"https:\\\/\\\/www.cl-ever.com\\\/productos\\\/\"},{\"@type\":\"ListItem\",\"position\":3,\"name\":\"Conectores\",\"item\":\"https:\\\/\\\/www.cl-ever.com\\\/es\\\/productos\\\/conectores\\\/\"},{\"@type\":\"ListItem\",\"position\":4,\"name\":\"Industriales &#8211; Instrumentaci\u00f3n\"}]},{\"@type\":\"WebSite\",\"@id\":\"https:\\\/\\\/www.cl-ever.com\\\/#website\",\"url\":\"https:\\\/\\\/www.cl-ever.com\\\/\",\"name\":\"Clever\",\"description\":\"Connection &amp; Lightind Ever\",\"potentialAction\":[{\"@type\":\"SearchAction\",\"target\":{\"@type\":\"EntryPoint\",\"urlTemplate\":\"https:\\\/\\\/www.cl-ever.com\\\/?s={search_term_string}\"},\"query-input\":{\"@type\":\"PropertyValueSpecification\",\"valueRequired\":true,\"valueName\":\"search_term_string\"}}],\"inLanguage\":\"es\"}]}<\/script>\n<!-- \/ Yoast SEO plugin. -->","yoast_head_json":{"title":"Conectores industriales y de instrumentaci\u00f3n - Clever","description":"Conectores dise\u00f1ados para cubrir las necesidades de ambientes que requieren caracter\u00edsticas espec\u00edficas en el sector industrial.","robots":{"index":"index","follow":"follow","max-snippet":"max-snippet:-1","max-image-preview":"max-image-preview:large","max-video-preview":"max-video-preview:-1"},"canonical":"https:\/\/www.cl-ever.com\/es\/productos\/conectores\/industriales-instrumentacion\/","og_locale":"es_ES","og_type":"article","og_title":"Conectores industriales y de instrumentaci\u00f3n - Clever","og_description":"Conectores dise\u00f1ados para cubrir las necesidades de ambientes que requieren caracter\u00edsticas espec\u00edficas en el sector industrial.","og_url":"https:\/\/www.cl-ever.com\/es\/productos\/conectores\/industriales-instrumentacion\/","og_site_name":"Clever","twitter_card":"summary_large_image","twitter_misc":{"Tiempo de lectura":"2 minutos"},"schema":{"@context":"https:\/\/schema.org","@graph":[{"@type":"WebPage","@id":"https:\/\/www.cl-ever.com\/es\/productos\/conectores\/industriales-instrumentacion\/","url":"https:\/\/www.cl-ever.com\/es\/productos\/conectores\/industriales-instrumentacion\/","name":"Conectores industriales y de instrumentaci\u00f3n - Clever","isPartOf":{"@id":"https:\/\/www.cl-ever.com\/#website"},"datePublished":"2023-01-16T14:06:52+00:00","description":"Conectores dise\u00f1ados para cubrir las necesidades de ambientes que requieren caracter\u00edsticas espec\u00edficas en el sector industrial.","breadcrumb":{"@id":"https:\/\/www.cl-ever.com\/es\/productos\/conectores\/industriales-instrumentacion\/#breadcrumb"},"inLanguage":"es","potentialAction":[{"@type":"ReadAction","target":["https:\/\/www.cl-ever.com\/es\/productos\/conectores\/industriales-instrumentacion\/"]}]},{"@type":"BreadcrumbList","@id":"https:\/\/www.cl-ever.com\/es\/productos\/conectores\/industriales-instrumentacion\/#breadcrumb","itemListElement":[{"@type":"ListItem","position":1,"name":"Home","item":"https:\/\/www.cl-ever.com\/es\/"},{"@type":"ListItem","position":2,"name":"Productos","item":"https:\/\/www.cl-ever.com\/productos\/"},{"@type":"ListItem","position":3,"name":"Conectores","item":"https:\/\/www.cl-ever.com\/es\/productos\/conectores\/"},{"@type":"ListItem","position":4,"name":"Industriales &#8211; Instrumentaci\u00f3n"}]},{"@type":"WebSite","@id":"https:\/\/www.cl-ever.com\/#website","url":"https:\/\/www.cl-ever.com\/","name":"Clever","description":"Connection &amp; Lightind Ever","potentialAction":[{"@type":"SearchAction","target":{"@type":"EntryPoint","urlTemplate":"https:\/\/www.cl-ever.com\/?s={search_term_string}"},"query-input":{"@type":"PropertyValueSpecification","valueRequired":true,"valueName":"search_term_string"}}],"inLanguage":"es"}]}},"_links":{"self":[{"href":"https:\/\/www.cl-ever.com\/es\/wp-json\/wp\/v2\/pages\/7955","targetHints":{"allow":["GET"]}}],"collection":[{"href":"https:\/\/www.cl-ever.com\/es\/wp-json\/wp\/v2\/pages"}],"about":[{"href":"https:\/\/www.cl-ever.com\/es\/wp-json\/wp\/v2\/types\/page"}],"author":[{"embeddable":true,"href":"https:\/\/www.cl-ever.com\/es\/wp-json\/wp\/v2\/users\/7"}],"replies":[{"embeddable":true,"href":"https:\/\/www.cl-ever.com\/es\/wp-json\/wp\/v2\/comments?post=7955"}],"version-history":[{"count":3,"href":"https:\/\/www.cl-ever.com\/es\/wp-json\/wp\/v2\/pages\/7955\/revisions"}],"predecessor-version":[{"id":7958,"href":"https:\/\/www.cl-ever.com\/es\/wp-json\/wp\/v2\/pages\/7955\/revisions\/7958"}],"up":[{"embeddable":true,"href":"https:\/\/www.cl-ever.com\/es\/wp-json\/wp\/v2\/pages\/7919"}],"wp:attachment":[{"href":"https:\/\/www.cl-ever.com\/es\/wp-json\/wp\/v2\/media?parent=7955"}],"curies":[{"name":"wp","href":"https:\/\/api.w.org\/{rel}","templated":true}]}}