{"id":7943,"date":"2023-01-16T14:55:11","date_gmt":"2023-01-16T13:55:11","guid":{"rendered":"https:\/\/www.cl-ever.com\/productos\/conectores\/energias-renovables\/"},"modified":"2023-01-16T14:55:12","modified_gmt":"2023-01-16T13:55:12","slug":"energias-renovables","status":"publish","type":"page","link":"https:\/\/www.cl-ever.com\/es\/productos\/conectores\/energias-renovables\/","title":{"rendered":"Energ\u00edas renovables"},"content":{"rendered":"<div class=\"wpb-content-wrapper\"><p>[vc_row full_width=\u00bbstretch_row\u00bb][vc_column]\n\t\t<section class=\"do-normal-page-title-section\">\n\t\t    <div class=\"container\">\n\t\t        <div class=\"row uppercase\">\n\t\t\n\t\t            <div class=\"do-page-title-wrapper\">\n\t\t            \t<div class=\"do-default-page-title col-md-7 col-sm-7 col-xs-12\">\n\t\t            \t\t<h2>Energ\u00eda renovable<\/h2>\n\t\t            \t\t<p>Conectores<\/p>\n\t\t            \t<\/div>\n\t\t\n\t\t            \t<div class=\"do-breadcumb\"><ul><li><a href=\"https:\/\/www.cl-ever.com\/es\/\" class=\"home-link\" rel=\"home\">Home<\/a><\/li><li><a href=\"https:\/\/www.cl-ever.com\/es\/productos\/\">Productos<\/a><\/li><li><a href=\"https:\/\/www.cl-ever.com\/es\/productos\/conectores\/\">Conectores<\/a><\/li><li class=\"active\"><span>Energ\u00edas renovables<\/span><\/li><\/ul><\/div>\n\t\t            <\/div>\n\t\t\n\t\t        <\/div>\n\t\t    <\/div>\n\t\t<\/section>\n\t[\/vc_column][\/vc_row][vc_row full_width=\u00bbstretch_row_content_no_spaces\u00bb][vc_column][vc_single_image image=\u00bb6083&#8243; img_size=\u00bbfull\u00bb alignment=\u00bbcenter\u00bb css_animation=\u00bbappear\u00bb][\/vc_column][\/vc_row][vc_row][vc_column][vc_column_text css_animation=\u00bbleft-to-right\u00bb]<\/p>\n<h1 style=\"text-align: left;\">Conectores para aplicaciones en el campo de las energ\u00edas renovables (energ\u00eda e\u00f3lica, solar e hidroel\u00e9ctrica)<\/h1>\n<h2 style=\"text-align: left;\">debe cumplir con par\u00e1metros fundamentales para soportar temperaturas extremas, vibraciones, niebla salina, humedad, polvo e interferencias electromagn\u00e9ticas.<\/h2>\n<p>Clever ofrece conectores para el sector de las energ\u00edas renovables de alta fiabilidad y durabilidad que cumplen con las caracter\u00edsticas requeridas por este exigente mercado:<\/p>\n<ul>\n<li>Alto rendimiento<\/li>\n<li>dimensiones reducidas<\/li>\n<li>protecci\u00f3n contra el agua para aplicaciones estancas<\/li>\n<li>posibilidad de ser sometido a un elevado n\u00famero de maniobras (conexi\u00f3n\/desconexi\u00f3n)<\/li>\n<li>adaptabilidad a condiciones ambientales severas<\/li>\n<\/ul>\n<p>&nbsp;<\/p>\n<p><strong>Conectores para paneles fotovoltaicos<\/strong>: Conectores de alta calidad para minimizar el tiempo de inactividad y ahorrar costos.<br \/>\nEn los sistemas fotovoltaicos, los conectores utilizados deben ser capaces de soportar condiciones clim\u00e1ticas extremas como el viento, el sol y los cambios bruscos de temperatura, adem\u00e1s de cumplir con la ley y ser f\u00e1ciles de usar y, por lo tanto, f\u00e1ciles de instalar.[\/vc_column_text][\/vc_column][\/vc_row][vc_row][vc_column][vc_masonry_media_grid element_width=\u00bb2&#8243; gap=\u00bb0&#8243; item=\u00bbmasonryMedia_ScaleWithRotationLight\u00bb initial_loading_animation=\u00bbfadeIn\u00bb grid_id=\u00bbvc_gid:1567755705746-16982bca-867f-3&#8243; include=\u00bb6161,6162,6163,6165,6167,6166&#8243;][\/vc_column][\/vc_row][vc_row][vc_column][vc_images_carousel images=\u00bb5915,5917,5928&#8243; img_size=\u00bbfull\u00bb onclick=\u00bbcustom_link\u00bb speed=\u00bb2000&#8243; slides_per_view=\u00bb5&#8243; autoplay=\u00bbyes\u00bb hide_pagination_control=\u00bbyes\u00bb wrap=\u00bbyes\u00bb title=\u00bbGama de productos para el sector de las Energ\u00edas Renovables\u00bb custom_links=\u00bb#E-8_JUEyJURCYiVGRCVDQSUyNyU5RCVFQm0lQTIlQjglQkZ6dyVBQiU4MiUyNyVBQiU4QXklRTglQkQlQTYlRTIlOTYlMkYlRkYlQTYlQkElMUQlQTIlREJiJUZFJUI3JUE1JTdCJUY3JUE3eiVCOCUyMnolQjglQTclOUUlOEIlREFuJTI5YiVGRiVGQWslQTElREEtJUI2JTJGJURDJThBJUI3LiU4QSVEOCVBQyVCNSVBOSVBOWolRDglQkZ6dyVBQiU4MiUyNyVBQiU4QXklRTglQkQlQTYlRTIlOTYlMkY=\u00bb][\/vc_column][\/vc_row]<\/p>\n<\/div>","protected":false},"excerpt":{"rendered":"<p>[vc_row full_width=\u00bbstretch_row\u00bb][vc_column][\/vc_column][\/vc_row][vc_row full_width=\u00bbstretch_row_content_no_spaces\u00bb][vc_column][vc_single_image image=\u00bb6083&#8243; img_size=\u00bbfull\u00bb alignment=\u00bbcenter\u00bb css_animation=\u00bbappear\u00bb][\/vc_column][\/vc_row][vc_row][vc_column][vc_column_text css_animation=\u00bbleft-to-right\u00bb] Conectores para aplicaciones en el campo de las energ\u00edas renovables (energ\u00eda e\u00f3lica, solar&#8230;<\/p>\n","protected":false},"author":7,"featured_media":0,"parent":7919,"menu_order":0,"comment_status":"closed","ping_status":"closed","template":"","meta":{"_monsterinsights_skip_tracking":false,"_monsterinsights_sitenote_active":false,"_monsterinsights_sitenote_note":"","_monsterinsights_sitenote_category":0,"footnotes":""},"class_list":["post-7943","page","type-page","status-publish","hentry"],"yoast_head":"<!-- This site is optimized with the Yoast SEO plugin v27.5 - https:\/\/yoast.com\/product\/yoast-seo-wordpress\/ -->\n<title>Conectores para Energ\u00edas renovables - Clever<\/title>\n<meta name=\"description\" content=\"Conectores para el sector de las energ\u00edas renovables (e\u00f3lica, solar e hidroel\u00e9ctrica) resistentes a temperaturas extremas, vibraciones, humedad y polvo\" \/>\n<meta name=\"robots\" content=\"index, follow, max-snippet:-1, max-image-preview:large, max-video-preview:-1\" \/>\n<link rel=\"canonical\" href=\"https:\/\/www.cl-ever.com\/es\/productos\/conectores\/energias-renovables\/\" \/>\n<meta property=\"og:locale\" content=\"es_ES\" \/>\n<meta property=\"og:type\" content=\"article\" \/>\n<meta property=\"og:title\" content=\"Conectores para Energ\u00edas renovables - Clever\" \/>\n<meta property=\"og:description\" content=\"Conectores para el sector de las energ\u00edas renovables (e\u00f3lica, solar e hidroel\u00e9ctrica) resistentes a temperaturas extremas, vibraciones, humedad y polvo\" \/>\n<meta property=\"og:url\" content=\"https:\/\/www.cl-ever.com\/es\/productos\/conectores\/energias-renovables\/\" \/>\n<meta property=\"og:site_name\" content=\"Clever\" \/>\n<meta property=\"article:modified_time\" content=\"2023-01-16T13:55:12+00:00\" \/>\n<meta name=\"twitter:card\" content=\"summary_large_image\" \/>\n<meta name=\"twitter:label1\" content=\"Tiempo de lectura\" \/>\n\t<meta name=\"twitter:data1\" content=\"2 minutos\" \/>\n<script type=\"application\/ld+json\" class=\"yoast-schema-graph\">{\"@context\":\"https:\\\/\\\/schema.org\",\"@graph\":[{\"@type\":\"WebPage\",\"@id\":\"https:\\\/\\\/www.cl-ever.com\\\/es\\\/productos\\\/conectores\\\/energias-renovables\\\/\",\"url\":\"https:\\\/\\\/www.cl-ever.com\\\/es\\\/productos\\\/conectores\\\/energias-renovables\\\/\",\"name\":\"Conectores para Energ\u00edas renovables - Clever\",\"isPartOf\":{\"@id\":\"https:\\\/\\\/www.cl-ever.com\\\/#website\"},\"datePublished\":\"2023-01-16T13:55:11+00:00\",\"dateModified\":\"2023-01-16T13:55:12+00:00\",\"description\":\"Conectores para el sector de las energ\u00edas renovables (e\u00f3lica, solar e hidroel\u00e9ctrica) resistentes a temperaturas extremas, vibraciones, humedad y polvo\",\"breadcrumb\":{\"@id\":\"https:\\\/\\\/www.cl-ever.com\\\/es\\\/productos\\\/conectores\\\/energias-renovables\\\/#breadcrumb\"},\"inLanguage\":\"es\",\"potentialAction\":[{\"@type\":\"ReadAction\",\"target\":[\"https:\\\/\\\/www.cl-ever.com\\\/es\\\/productos\\\/conectores\\\/energias-renovables\\\/\"]}]},{\"@type\":\"BreadcrumbList\",\"@id\":\"https:\\\/\\\/www.cl-ever.com\\\/es\\\/productos\\\/conectores\\\/energias-renovables\\\/#breadcrumb\",\"itemListElement\":[{\"@type\":\"ListItem\",\"position\":1,\"name\":\"Home\",\"item\":\"https:\\\/\\\/www.cl-ever.com\\\/es\\\/\"},{\"@type\":\"ListItem\",\"position\":2,\"name\":\"Productos\",\"item\":\"https:\\\/\\\/www.cl-ever.com\\\/productos\\\/\"},{\"@type\":\"ListItem\",\"position\":3,\"name\":\"Conectores\",\"item\":\"https:\\\/\\\/www.cl-ever.com\\\/es\\\/productos\\\/conectores\\\/\"},{\"@type\":\"ListItem\",\"position\":4,\"name\":\"Energ\u00edas renovables\"}]},{\"@type\":\"WebSite\",\"@id\":\"https:\\\/\\\/www.cl-ever.com\\\/#website\",\"url\":\"https:\\\/\\\/www.cl-ever.com\\\/\",\"name\":\"Clever\",\"description\":\"Connection &amp; Lightind Ever\",\"potentialAction\":[{\"@type\":\"SearchAction\",\"target\":{\"@type\":\"EntryPoint\",\"urlTemplate\":\"https:\\\/\\\/www.cl-ever.com\\\/?s={search_term_string}\"},\"query-input\":{\"@type\":\"PropertyValueSpecification\",\"valueRequired\":true,\"valueName\":\"search_term_string\"}}],\"inLanguage\":\"es\"}]}<\/script>\n<!-- \/ Yoast SEO plugin. -->","yoast_head_json":{"title":"Conectores para Energ\u00edas renovables - Clever","description":"Conectores para el sector de las energ\u00edas renovables (e\u00f3lica, solar e hidroel\u00e9ctrica) resistentes a temperaturas extremas, vibraciones, humedad y polvo","robots":{"index":"index","follow":"follow","max-snippet":"max-snippet:-1","max-image-preview":"max-image-preview:large","max-video-preview":"max-video-preview:-1"},"canonical":"https:\/\/www.cl-ever.com\/es\/productos\/conectores\/energias-renovables\/","og_locale":"es_ES","og_type":"article","og_title":"Conectores para Energ\u00edas renovables - Clever","og_description":"Conectores para el sector de las energ\u00edas renovables (e\u00f3lica, solar e hidroel\u00e9ctrica) resistentes a temperaturas extremas, vibraciones, humedad y polvo","og_url":"https:\/\/www.cl-ever.com\/es\/productos\/conectores\/energias-renovables\/","og_site_name":"Clever","article_modified_time":"2023-01-16T13:55:12+00:00","twitter_card":"summary_large_image","twitter_misc":{"Tiempo de lectura":"2 minutos"},"schema":{"@context":"https:\/\/schema.org","@graph":[{"@type":"WebPage","@id":"https:\/\/www.cl-ever.com\/es\/productos\/conectores\/energias-renovables\/","url":"https:\/\/www.cl-ever.com\/es\/productos\/conectores\/energias-renovables\/","name":"Conectores para Energ\u00edas renovables - Clever","isPartOf":{"@id":"https:\/\/www.cl-ever.com\/#website"},"datePublished":"2023-01-16T13:55:11+00:00","dateModified":"2023-01-16T13:55:12+00:00","description":"Conectores para el sector de las energ\u00edas renovables (e\u00f3lica, solar e hidroel\u00e9ctrica) resistentes a temperaturas extremas, vibraciones, humedad y polvo","breadcrumb":{"@id":"https:\/\/www.cl-ever.com\/es\/productos\/conectores\/energias-renovables\/#breadcrumb"},"inLanguage":"es","potentialAction":[{"@type":"ReadAction","target":["https:\/\/www.cl-ever.com\/es\/productos\/conectores\/energias-renovables\/"]}]},{"@type":"BreadcrumbList","@id":"https:\/\/www.cl-ever.com\/es\/productos\/conectores\/energias-renovables\/#breadcrumb","itemListElement":[{"@type":"ListItem","position":1,"name":"Home","item":"https:\/\/www.cl-ever.com\/es\/"},{"@type":"ListItem","position":2,"name":"Productos","item":"https:\/\/www.cl-ever.com\/productos\/"},{"@type":"ListItem","position":3,"name":"Conectores","item":"https:\/\/www.cl-ever.com\/es\/productos\/conectores\/"},{"@type":"ListItem","position":4,"name":"Energ\u00edas renovables"}]},{"@type":"WebSite","@id":"https:\/\/www.cl-ever.com\/#website","url":"https:\/\/www.cl-ever.com\/","name":"Clever","description":"Connection &amp; Lightind Ever","potentialAction":[{"@type":"SearchAction","target":{"@type":"EntryPoint","urlTemplate":"https:\/\/www.cl-ever.com\/?s={search_term_string}"},"query-input":{"@type":"PropertyValueSpecification","valueRequired":true,"valueName":"search_term_string"}}],"inLanguage":"es"}]}},"_links":{"self":[{"href":"https:\/\/www.cl-ever.com\/es\/wp-json\/wp\/v2\/pages\/7943","targetHints":{"allow":["GET"]}}],"collection":[{"href":"https:\/\/www.cl-ever.com\/es\/wp-json\/wp\/v2\/pages"}],"about":[{"href":"https:\/\/www.cl-ever.com\/es\/wp-json\/wp\/v2\/types\/page"}],"author":[{"embeddable":true,"href":"https:\/\/www.cl-ever.com\/es\/wp-json\/wp\/v2\/users\/7"}],"replies":[{"embeddable":true,"href":"https:\/\/www.cl-ever.com\/es\/wp-json\/wp\/v2\/comments?post=7943"}],"version-history":[{"count":3,"href":"https:\/\/www.cl-ever.com\/es\/wp-json\/wp\/v2\/pages\/7943\/revisions"}],"predecessor-version":[{"id":7946,"href":"https:\/\/www.cl-ever.com\/es\/wp-json\/wp\/v2\/pages\/7943\/revisions\/7946"}],"up":[{"embeddable":true,"href":"https:\/\/www.cl-ever.com\/es\/wp-json\/wp\/v2\/pages\/7919"}],"wp:attachment":[{"href":"https:\/\/www.cl-ever.com\/es\/wp-json\/wp\/v2\/media?parent=7943"}],"curies":[{"name":"wp","href":"https:\/\/api.w.org\/{rel}","templated":true}]}}