{"id":7831,"date":"2022-11-10T15:14:00","date_gmt":"2022-11-10T14:14:00","guid":{"rendered":"https:\/\/www.cl-ever.com\/cookie-policy\/"},"modified":"2025-05-06T11:53:11","modified_gmt":"2025-05-06T09:53:11","slug":"cookie-policy","status":"publish","type":"page","link":"https:\/\/www.cl-ever.com\/es\/cookie-policy\/","title":{"rendered":"Cookie Policy"},"content":{"rendered":"<div class=\"wpb-content-wrapper\"><p>[vc_row][vc_column][vc_column_text]<\/p>\n<h3><strong>COOKIE POLICY &#8211; ESTA PAGINA WEB UTILIZA COOKIES<br \/>\n<\/strong><\/h3>\n<p>&nbsp;<\/p>\n<div class=\"fusion-text\">\n<h1>Este sitio web utiliza cookies<\/h1>\n<h1><\/h1>\n<h2><strong>que son las cookies?<\/strong><\/h2>\n<p>Una cookie es un texto breve enviado a su navegador por un sitio web que visita. Permite que el sitio almacene informaci\u00f3n sobre su visita, como su idioma preferido y otras configuraciones. Esto puede facilitar su pr\u00f3xima visita y aumentar la utilidad del sitio a su favor. Las cookies juegan un papel importante. Sin ellos, usar la Web ser\u00eda una experiencia mucho m\u00e1s frustrante.<br \/>\nNo obstante, si prefiere deshabilitar las cookies, le recomendamos que consulte la secci\u00f3n de \u00abayuda\u00bb de su navegador o busque <b><a href=\"http:\/\/www.aboutcookies.org\">the About Cookies website<\/a><\/b> que contiene varias gu\u00edas para todos los navegadores modernos, la siguiente es una de ellas:<\/p>\n<\/div>\n<p><\/p>\n<div class=\"cookie_page\">\n<p>Lea tambi\u00e9n <a title=\"Privacy\" href=\"https:\/\/www.cl-ever.com\/es\/privacy\/\">Privacy Policy<\/a><\/p>\n<p>Este sitio utiliza cookies para que sus servicios sean simples y eficientes para los usuarios que ven las p\u00e1ginas del sitio.<br \/>\nLos usuarios que visiten el Sitio ver\u00e1n insertadas<strong>cantidades m\u00ednimas de informaci\u00f3n<\/strong> en los dispositivos en uso, que son ordenadores y dispositivos m\u00f3viles, en peque\u00f1os archivos de texto denominados \u00abcookies\u00bb guardados en los directorios utilizados por el navegador web del Usuario.<br \/>\nHay <strong>varios tipos de cookie<\/strong>, algunos para hacer que el uso del Sitio sea m\u00e1s efectivo, otros para habilitar ciertas funciones.<br \/>\nAl analizarlas en detalle, nuestras cookies le permiten:<\/p>\n<ul>\n<li>memorizar las preferencias ingresadas<\/li>\n<li>evite volver a ingresar la misma informaci\u00f3n varias veces durante la visita, como nombre de usuario y contrase\u00f1a<\/li>\n<li>analizar el uso de los servicios y contenidos proporcionados por este sitio para optimizar la experiencia de navegaci\u00f3n y los servicios ofrecidos<\/li>\n<\/ul>\n<h2>tipos de Cookie<\/h2>\n<h3>Cookies T\u00e9cnicas<\/h3>\n<p>Este tipo de cookie permite el<strong>correcto funcionamiento de algunas secciones del Sitio<\/strong>. Son de dos categor\u00edas: persistentes y de sesi\u00f3n:<\/p>\n<ul>\n<li><strong>persistente<\/strong>: una vez que se cierra el navegador, no se destruyen, sino que permanecen hasta una fecha de vencimiento preestablecida<\/li>\n<li><strong>sesi\u00f3n<\/strong>: vse destruyen cada vez que se cierra el navegador<\/li>\n<\/ul>\n<p>Estas cookies, enviadas siempre desde nuestro dominio,<strong>son necesarios para ver el sitio correctamente<\/strong> y en relaci\u00f3n con los servicios t\u00e9cnicos ofrecidos, por lo tanto, <strong>siempre usado y enviado<\/strong>, a menos que el usuario cambie la configuraci\u00f3n en su navegador (lo que afecta la visualizaci\u00f3n de las p\u00e1ginas del sitio).<\/p>\n<h3>Cookies anal\u00edticas<\/h3>\n<p>Las cookies de esta categor\u00eda se utilizan para<strong>recopilar informaci\u00f3n sobre el uso del sitio<\/strong>. Positioning-seo utilizar\u00e1 esta informaci\u00f3n con respecto a <strong> an\u00e1lisis estad\u00edsticos an\u00f3nimos<\/strong> para mejorar el uso del Sitio y hacer que el contenido sea m\u00e1s interesante y relevante para los deseos de los usuarios. Este tipo de cookie recoge datos en<strong>forma anonima<\/strong> sobre la actividad del usuario y c\u00f3mo lleg\u00f3 al Sitio Las cookies anal\u00edticas se env\u00edan desde el propio Sitio o desde dominios de terceros.<\/p>\n<h3>Cookies de an\u00e1lisis de servicios de terceros<\/h3>\n<p>Estas cookies se utilizan para recopilar informaci\u00f3n sobre<strong>uso del Sitio<\/strong> por los usuarios en<strong>forma anonima<\/strong> tales como: p\u00e1ginas visitadas, tiempo dedicado, or\u00edgenes del tr\u00e1fico de origen, origen geogr\u00e1fico, edad, g\u00e9nero e intereses con fines de campa\u00f1as de marketing. Estas cookies se env\u00edan desde dominios de terceros externos al Sitio.<\/p>\n<h3>Cookies para integrar productos y funciones de software de terceros<\/h3>\n<p>Este tipo de cookie <strong>integra caracter\u00edsticas desarrolladas por terceros<\/strong> dentro de las p\u00e1ginas del Sitio tales como \u00edconos y preferencias expresadas en las redes sociales para compartir los contenidos del sitio o para el uso de servicios de software de terceros (como software para generar mapas y software adicional que ofrecen servicios adicionales). Estas cookies son enviadas por<strong>dominios de terceros<\/strong> y de <strong>sitios web partner <\/strong>que ofrecen sus funciones en las p\u00e1ginas del Sitio.<\/p>\n<h3>Cookie de perfil<\/h3>\n<p>Estas cookies son necesarias para crear perfiles de usuario con el fin de enviar mensajes publicitarios de acuerdo con las preferencias expresadas por el usuario dentro de las p\u00e1ginas del Sitio.<\/p>\n<hr align=\"left\" size=\"1\" width=\"100%\" \/>\n<p><strong>Cl-ever.it<\/strong> seg\u00fan la legislaci\u00f3n vigente, no es necesario recabar el consentimiento para<strong>cookies tecnicas<\/strong> y de <strong>analytics<\/strong>, seg\u00fan sea necesario para proporcionar los servicios solicitados.<br \/>\nPara todos los dem\u00e1s tipos de cookies, el usuario puede expresar su consentimiento con uno o m\u00e1s de los siguientes m\u00e9todos:<\/p>\n<ul>\n<li><strong>A trav\u00e9s de configuraciones espec\u00edficas del navegador<\/strong> utilizados o los programas inform\u00e1ticos relacionados utilizados para navegar por las p\u00e1ginas que componen el Sitio.<\/li>\n<li><strong>Al cambiar la configuraci\u00f3n<\/strong> en el uso de servicios de terceros<\/li>\n<\/ul>\n<p>Ambas soluciones podr\u00edan impedir que el usuario use o vea partes del Sitio.<\/p>\n<h3>Sitios web y servicios de terceros<\/h3>\n<p>El Sitio puede contener enlaces a otros sitios Web que tienen su propia pol\u00edtica de privacidad que puede ser diferente de la adoptada por este sitio y que, por lo tanto,<strong>No responde<\/strong> por estos sitios.<\/p>\n<hr align=\"left\" size=\"1\" width=\"100%\" \/>\n<h3>Cookies utilizadas por este sitio<\/h3>\n<p>A continuaci\u00f3n se muestra la lista de cookies t\u00e9cnicas y de analytics utilizadas por este Sitio:<\/p>\n<ul>\n<li>_ga \u2013 persistente &#8211; utilizado para distinguir a los usuarios &#8211; necesario para el servicio de terceros de Google Analytics. Dura 2 a\u00f1os<\/li>\n<li>_gat \u2013 persistente: limita la recopilaci\u00f3n de datos de sitios con mucho tr\u00e1fico, necesaria para el servicio de terceros de Google Analytics. dura 10 minutos<\/li>\n<li>se utiliza este servicio de an\u00e1lisis web prestado por Google Inc. para obtener informaci\u00f3n estad\u00edstica agregada (se anonimiza la direcci\u00f3n IP del usuario), GOOGLE almacena la informaci\u00f3n que recoge la cookie en servidores que tambi\u00e9n pueden estar ubicados en Estados Unidos.<br \/>\nPuede encontrar m\u00e1s informaci\u00f3n sobre la gesti\u00f3n de la privacidad en el enlace: <a href=\"http:\/\/www.google.com\/intl\/it_ALL\/analytics\/learn\/privacy.html\">http:\/\/www.google.com\/intl\/it_ALL\/analytics\/learn\/privacy.html<\/a><br \/>\nEl usuario puede deshabilitar selectivamente la acci\u00f3n de Google Analytics instalando en su navegador el componente de opt-out proporcionado por Google.<br \/>\nPara deshabilitar la recopilaci\u00f3n de datos por parte de Google Analytics, consulte el siguiente enlace: <a href=\"https:\/\/tools.google.com\/dlpage\/gaoptout\">https:\/\/tools.google.com\/dlpage\/gaoptout<\/a><\/li>\n<li>cookies-auth \u2013 persistente: se utiliza para recordar presionar el bot\u00f3n \u00abok\u00bb en la informaci\u00f3n sobre cookies.<\/li>\n<\/ul>\n<hr size=\"1\" \/>\n<h3>C\u00f3mo deshabilitar las cookies configurando el navegador<\/h3>\n<p class=\"br_tit\"><strong>Chrome<\/strong><\/p>\n<ol>\n<li>Ejecute el navegador Chrome<\/li>\n<li>Haga clic en el men\u00fa <a href=\"http:\/\/www.posizionamento-seo.com\/wp-content\/uploads\/2014\/06\/chrome-impostazioni.png\"><img loading=\"lazy\" decoding=\"async\" src=\"http:\/\/www.posizionamento-seo.com\/wp-content\/uploads\/2014\/06\/chrome-impostazioni.png\" alt=\"hrome impostazioni\" width=\"30\" height=\"30\" border=\"0\" \/><\/a> presente en la barra de herramientas del navegador junto a la ventana de entrada de URL para la navegaci\u00f3n<\/li>\n<li>seleccionar <strong>Configuraci\u00f3n <\/strong><\/li>\n<li>Hacer click en <strong>Mostrar configuraci\u00f3n avanzada<\/strong><\/li>\n<li>En la secci\u00f3n \u00abPrivacidad\u00bb haga clic en el bot\u00f3n \u201c<strong>Configuraci\u00f3n de contenido<\/strong>\u201c<\/li>\n<li>En la secci\u00f3n \u00abCookies\u00bb puede cambiar la siguiente configuraci\u00f3n de cookies:\n<ol>\n<li>Permitir que los datos se guarden localmente<\/li>\n<li>Cambiar los datos locales solo hasta que se cierre el navegador<\/li>\n<li>Impedir que los sitios establezcan cookies<\/li>\n<li>Bloquear las cookies de terceros y los datos del sitio<\/li>\n<li>Manejar excepciones para algunos sitios de Internet<\/li>\n<li>Eliminaci\u00f3n de una o todas las cookies<\/li>\n<\/ol>\n<\/li>\n<\/ol>\n<p class=\"br_tit\"><strong>Mozilla Firefox<\/strong><\/p>\n<ol>\n<li>Ejecute el navegador Mozilla Firefox<\/li>\n<li>Haga clic en el men\u00fa <a href=\"http:\/\/www.posizionamento-seo.com\/wp-content\/uploads\/2014\/06\/firefox-impostazioni.png\"><img loading=\"lazy\" decoding=\"async\" src=\"http:\/\/www.posizionamento-seo.com\/wp-content\/uploads\/2014\/06\/firefox-impostazioni.png\" alt=\"irefox impostazioni\" width=\"21\" height=\"21\" border=\"0\" \/><\/a> presente en la barra de herramientas del navegador junto a la ventana de entrada de URL para la navegaci\u00f3n<\/li>\n<li>Seleccione <strong>Opciones<\/strong><\/li>\n<li>Seleccione el panel<strong>Privacy<\/strong><\/li>\n<li>Haga click en <strong>Mostrar configuraci\u00f3n avanzada<\/strong><\/li>\n<li>En la secci\u00f3n \u00abPrivacy\u00bb haga clic en el bot\u00f3n \u201c<strong>Configuraci\u00f3n de contenido<\/strong>\u201c<\/li>\n<li>En la secci\u00f3n \u201c<strong>Seguimiento<\/strong>\u201d puede cambiar la siguiente configuraci\u00f3n de cookies:\n<ol>\n<li>Solicite a los sitios que no realicen ning\u00fan seguimiento.<\/li>\n<li>Comunicar a los sitios la disponibilidad para ser rastreados<\/li>\n<li>No comunicar ninguna preferencia en cuanto al seguimiento de datos personales.<\/li>\n<\/ol>\n<\/li>\n<li>De la secci\u00f3n\u201c<strong>Cronolog\u00eda<\/strong>\u201d Es posible:\n<ol>\n<li>Al habilitar \u00abUsar configuraci\u00f3n personalizada\u00bb, seleccione aceptar cookies de terceros (siempre, de los sitios m\u00e1s visitados o nunca) y mantenerlas durante un per\u00edodo espec\u00edfico (hasta que caduquen, cuando Firefox est\u00e9 cerrado o para preguntar cada vez)<\/li>\n<li>Eliminar las cookies individuales almacenadas<\/li>\n<\/ol>\n<\/li>\n<\/ol>\n<p class=\"br_tit\"><strong>Internet Explorer<\/strong><\/p>\n<ol>\n<li>Ejecute el navegador Internet Explorer<\/li>\n<li>Haga clic en el bot\u00f3n <strong>Herramientas<\/strong> y elige <strong>Opciones de Internet<\/strong><\/li>\n<li>Haga clic en la pesta\u00f1a <strong>Privacy<\/strong>y en la secci\u00f3n Configuraci\u00f3n, cambie el control deslizante seg\u00fan la acci\u00f3n deseada para las cookies:\n<ol>\n<li>Bloquear todas las cookies<\/li>\n<li>Permitir todas las cookies<\/li>\n<li>Selecci\u00f3n de los sitios desde los que obtener cookies: mueva el cursor a una posici\u00f3n intermedia para no bloquear o permitir todas las cookies, luego presione Sitios, en el cuadro Direcci\u00f3n del sitio web ingrese un sitio web y luego presione Bloquear o Permitir<\/li>\n<\/ol>\n<\/li>\n<\/ol>\n<p class=\"br_tit\"><strong>Safari 6<\/strong><\/p>\n<ol>\n<li>Ejecute el navegador Safari<\/li>\n<li>Fare click su <strong>Safari<\/strong>, seleccionar<strong>Preferencias<\/strong> y presiona<strong>Privacy<\/strong><\/li>\n<li>En la secci\u00f3n <em>Bloquear cookies<\/em> especificar c\u00f3mo Safari debe aceptar las cookies de los sitios web.<\/li>\n<li>Para ver qu\u00e9 sitios tienen cookies almacenadas, haga clic en<strong>Dettagli<\/strong><\/li>\n<\/ol>\n<p class=\"br_tit\"><strong>Safari iOS (dispositivos m\u00f3viles)<\/strong><\/p>\n<ol>\n<li>Ejecute el navegador Safari iOS<\/li>\n<li>Toque en <strong>Ajustes<\/strong> y <strong>Safari<\/strong><\/li>\n<li>Toque en <strong>Bloquear cookies<\/strong> eelige entre las distintas opciones: \u00abNunca\u00bb, \u00abDe terceros y anunciantes\u00bb o \u00abSiempre\u00bb<\/li>\n<li>v<strong>Ajustes<\/strong>, y <strong>Safari<\/strong> y finalmente en <strong>Eliminar cookies y datos<\/strong><\/li>\n<\/ol>\n<p class=\"br_tit\"><strong>Opera<\/strong><\/p>\n<ol>\n<li>Ejecute el navegador Opera<\/li>\n<li>Haga clic en Preferencias luego en Avanzado y finalmente en Cookies<\/li>\n<li>Selecciona una de las siguientes opciones:\n<ol>\n<li>Aceptar todas las cookies<\/li>\n<li>Aceptar cookies solo del sitio que visitas: se rechazar\u00e1n las cookies de terceros que se env\u00eden desde un dominio diferente al que est\u00e1s visitando<\/li>\n<li>Nunca acepte cookies: todas las cookies nunca se guardar\u00e1n<\/li>\n<\/ol>\n<\/li>\n<\/ol>\n<\/div>\n<p>[\/vc_column_text][\/vc_column][\/vc_row]<\/p>\n<\/div>","protected":false},"excerpt":{"rendered":"<p>[vc_row][vc_column][vc_column_text] COOKIE POLICY &#8211; ESTA PAGINA WEB UTILIZA COOKIES &nbsp; Este sitio web utiliza cookies que son las cookies? Una cookie&#8230;<\/p>\n","protected":false},"author":7,"featured_media":0,"parent":0,"menu_order":0,"comment_status":"closed","ping_status":"closed","template":"","meta":{"_monsterinsights_skip_tracking":false,"_monsterinsights_sitenote_active":false,"_monsterinsights_sitenote_note":"","_monsterinsights_sitenote_category":0,"footnotes":""},"class_list":["post-7831","page","type-page","status-publish","hentry"],"yoast_head":"<!-- This site is optimized with the Yoast SEO plugin v27.5 - https:\/\/yoast.com\/product\/yoast-seo-wordpress\/ -->\n<title>Cookie Policy - Clever<\/title>\n<meta name=\"robots\" content=\"index, follow, max-snippet:-1, max-image-preview:large, max-video-preview:-1\" \/>\n<link rel=\"canonical\" href=\"https:\/\/www.cl-ever.com\/cookie-policy\/\" \/>\n<meta property=\"og:locale\" content=\"es_ES\" \/>\n<meta property=\"og:type\" content=\"article\" \/>\n<meta property=\"og:title\" content=\"Cookie Policy - Clever\" \/>\n<meta property=\"og:description\" content=\"[vc_row][vc_column][vc_column_text] COOKIE POLICY &#8211; ESTA PAGINA WEB UTILIZA COOKIES &nbsp; Este sitio web utiliza cookies que son las cookies? Una cookie...\" \/>\n<meta property=\"og:url\" content=\"https:\/\/www.cl-ever.com\/cookie-policy\/\" \/>\n<meta property=\"og:site_name\" content=\"Clever\" \/>\n<meta property=\"article:modified_time\" content=\"2025-05-06T09:53:11+00:00\" \/>\n<meta property=\"og:image\" content=\"http:\/\/www.posizionamento-seo.com\/wp-content\/uploads\/2014\/06\/chrome-impostazioni.png\" \/>\n<meta name=\"twitter:card\" content=\"summary_large_image\" \/>\n<meta name=\"twitter:label1\" content=\"Tiempo de lectura\" \/>\n\t<meta name=\"twitter:data1\" content=\"8 minutos\" \/>\n<script type=\"application\/ld+json\" class=\"yoast-schema-graph\">{\"@context\":\"https:\\\/\\\/schema.org\",\"@graph\":[{\"@type\":\"WebPage\",\"@id\":\"https:\\\/\\\/www.cl-ever.com\\\/cookie-policy\\\/\",\"url\":\"https:\\\/\\\/www.cl-ever.com\\\/cookie-policy\\\/\",\"name\":\"Cookie Policy - Clever\",\"isPartOf\":{\"@id\":\"https:\\\/\\\/www.cl-ever.com\\\/#website\"},\"primaryImageOfPage\":{\"@id\":\"https:\\\/\\\/www.cl-ever.com\\\/cookie-policy\\\/#primaryimage\"},\"image\":{\"@id\":\"https:\\\/\\\/www.cl-ever.com\\\/cookie-policy\\\/#primaryimage\"},\"thumbnailUrl\":\"http:\\\/\\\/www.posizionamento-seo.com\\\/wp-content\\\/uploads\\\/2014\\\/06\\\/chrome-impostazioni.png\",\"datePublished\":\"2022-11-10T14:14:00+00:00\",\"dateModified\":\"2025-05-06T09:53:11+00:00\",\"breadcrumb\":{\"@id\":\"https:\\\/\\\/www.cl-ever.com\\\/cookie-policy\\\/#breadcrumb\"},\"inLanguage\":\"es\",\"potentialAction\":[{\"@type\":\"ReadAction\",\"target\":[\"https:\\\/\\\/www.cl-ever.com\\\/cookie-policy\\\/\"]}]},{\"@type\":\"ImageObject\",\"inLanguage\":\"es\",\"@id\":\"https:\\\/\\\/www.cl-ever.com\\\/cookie-policy\\\/#primaryimage\",\"url\":\"http:\\\/\\\/www.posizionamento-seo.com\\\/wp-content\\\/uploads\\\/2014\\\/06\\\/chrome-impostazioni.png\",\"contentUrl\":\"http:\\\/\\\/www.posizionamento-seo.com\\\/wp-content\\\/uploads\\\/2014\\\/06\\\/chrome-impostazioni.png\"},{\"@type\":\"BreadcrumbList\",\"@id\":\"https:\\\/\\\/www.cl-ever.com\\\/cookie-policy\\\/#breadcrumb\",\"itemListElement\":[{\"@type\":\"ListItem\",\"position\":1,\"name\":\"Home\",\"item\":\"https:\\\/\\\/www.cl-ever.com\\\/es\\\/\"},{\"@type\":\"ListItem\",\"position\":2,\"name\":\"Cookie Policy\"}]},{\"@type\":\"WebSite\",\"@id\":\"https:\\\/\\\/www.cl-ever.com\\\/#website\",\"url\":\"https:\\\/\\\/www.cl-ever.com\\\/\",\"name\":\"Clever\",\"description\":\"Connection &amp; Lightind Ever\",\"potentialAction\":[{\"@type\":\"SearchAction\",\"target\":{\"@type\":\"EntryPoint\",\"urlTemplate\":\"https:\\\/\\\/www.cl-ever.com\\\/?s={search_term_string}\"},\"query-input\":{\"@type\":\"PropertyValueSpecification\",\"valueRequired\":true,\"valueName\":\"search_term_string\"}}],\"inLanguage\":\"es\"}]}<\/script>\n<!-- \/ Yoast SEO plugin. -->","yoast_head_json":{"title":"Cookie Policy - Clever","robots":{"index":"index","follow":"follow","max-snippet":"max-snippet:-1","max-image-preview":"max-image-preview:large","max-video-preview":"max-video-preview:-1"},"canonical":"https:\/\/www.cl-ever.com\/cookie-policy\/","og_locale":"es_ES","og_type":"article","og_title":"Cookie Policy - Clever","og_description":"[vc_row][vc_column][vc_column_text] COOKIE POLICY &#8211; ESTA PAGINA WEB UTILIZA COOKIES &nbsp; Este sitio web utiliza cookies que son las cookies? Una cookie...","og_url":"https:\/\/www.cl-ever.com\/cookie-policy\/","og_site_name":"Clever","article_modified_time":"2025-05-06T09:53:11+00:00","og_image":[{"url":"http:\/\/www.posizionamento-seo.com\/wp-content\/uploads\/2014\/06\/chrome-impostazioni.png","type":"","width":"","height":""}],"twitter_card":"summary_large_image","twitter_misc":{"Tiempo de lectura":"8 minutos"},"schema":{"@context":"https:\/\/schema.org","@graph":[{"@type":"WebPage","@id":"https:\/\/www.cl-ever.com\/cookie-policy\/","url":"https:\/\/www.cl-ever.com\/cookie-policy\/","name":"Cookie Policy - Clever","isPartOf":{"@id":"https:\/\/www.cl-ever.com\/#website"},"primaryImageOfPage":{"@id":"https:\/\/www.cl-ever.com\/cookie-policy\/#primaryimage"},"image":{"@id":"https:\/\/www.cl-ever.com\/cookie-policy\/#primaryimage"},"thumbnailUrl":"http:\/\/www.posizionamento-seo.com\/wp-content\/uploads\/2014\/06\/chrome-impostazioni.png","datePublished":"2022-11-10T14:14:00+00:00","dateModified":"2025-05-06T09:53:11+00:00","breadcrumb":{"@id":"https:\/\/www.cl-ever.com\/cookie-policy\/#breadcrumb"},"inLanguage":"es","potentialAction":[{"@type":"ReadAction","target":["https:\/\/www.cl-ever.com\/cookie-policy\/"]}]},{"@type":"ImageObject","inLanguage":"es","@id":"https:\/\/www.cl-ever.com\/cookie-policy\/#primaryimage","url":"http:\/\/www.posizionamento-seo.com\/wp-content\/uploads\/2014\/06\/chrome-impostazioni.png","contentUrl":"http:\/\/www.posizionamento-seo.com\/wp-content\/uploads\/2014\/06\/chrome-impostazioni.png"},{"@type":"BreadcrumbList","@id":"https:\/\/www.cl-ever.com\/cookie-policy\/#breadcrumb","itemListElement":[{"@type":"ListItem","position":1,"name":"Home","item":"https:\/\/www.cl-ever.com\/es\/"},{"@type":"ListItem","position":2,"name":"Cookie Policy"}]},{"@type":"WebSite","@id":"https:\/\/www.cl-ever.com\/#website","url":"https:\/\/www.cl-ever.com\/","name":"Clever","description":"Connection &amp; Lightind Ever","potentialAction":[{"@type":"SearchAction","target":{"@type":"EntryPoint","urlTemplate":"https:\/\/www.cl-ever.com\/?s={search_term_string}"},"query-input":{"@type":"PropertyValueSpecification","valueRequired":true,"valueName":"search_term_string"}}],"inLanguage":"es"}]}},"_links":{"self":[{"href":"https:\/\/www.cl-ever.com\/es\/wp-json\/wp\/v2\/pages\/7831","targetHints":{"allow":["GET"]}}],"collection":[{"href":"https:\/\/www.cl-ever.com\/es\/wp-json\/wp\/v2\/pages"}],"about":[{"href":"https:\/\/www.cl-ever.com\/es\/wp-json\/wp\/v2\/types\/page"}],"author":[{"embeddable":true,"href":"https:\/\/www.cl-ever.com\/es\/wp-json\/wp\/v2\/users\/7"}],"replies":[{"embeddable":true,"href":"https:\/\/www.cl-ever.com\/es\/wp-json\/wp\/v2\/comments?post=7831"}],"version-history":[{"count":5,"href":"https:\/\/www.cl-ever.com\/es\/wp-json\/wp\/v2\/pages\/7831\/revisions"}],"predecessor-version":[{"id":9310,"href":"https:\/\/www.cl-ever.com\/es\/wp-json\/wp\/v2\/pages\/7831\/revisions\/9310"}],"wp:attachment":[{"href":"https:\/\/www.cl-ever.com\/es\/wp-json\/wp\/v2\/media?parent=7831"}],"curies":[{"name":"wp","href":"https:\/\/api.w.org\/{rel}","templated":true}]}}